{"id":9608,"date":"2021-06-30T16:29:33","date_gmt":"2021-06-30T14:29:33","guid":{"rendered":"https:\/\/www.hms-luebeck.de\/?page_id=9608"},"modified":"2021-08-04T15:18:42","modified_gmt":"2021-08-04T13:18:42","slug":"kavram","status":"publish","type":"page","link":"https:\/\/www.hms-luebeck.de\/tr\/ilokul\/kavram\/","title":{"rendered":"Kavram"},"content":{"rendered":"<div class=\"wpb-content-wrapper\"><p>[vc_row type=&#8221;grid&#8221; video_bg=&#8221;&#8221;][vc_column dp_animation=&#8221;&#8221;]<div class=\"headline  \"><h3><span>Konsept<\/span><\/h3><\/div>[vc_column_text dp_animation=&#8221;&#8221;]\u0130lkokulumuz d\u00f6rt s\u0131n\u0131fa ayr\u0131lm\u0131\u015ft\u0131r. Bu, etkili bir s\u0131n\u0131f y\u00f6netimine ve gerekli oldu\u011fu yerde \u00e7ocuklar\u0131n hedefe odakl\u0131 bir \u015fekilde desteklenmesine olanak sa\u011flar.<\/p>\n<p>\u0130lkokulumuz, \u00e7ocuklar\u0131n d\u00f6rt y\u0131ll\u0131k ilkokul \u00f6\u011frenimi boyunca b\u00fcy\u00fck \u00f6l\u00e7\u00fcde ba\u011f\u0131ms\u0131z \u00f6\u011frenciler olmalar\u0131n\u0131 ve b\u00f6ylece &#8211; m\u00fcmk\u00fcn oldu\u011fu kadar &#8211; orta \u00f6\u011fretim okullar\u0131na (karma e\u011fitim okulu veya lise) haz\u0131rlanmalar\u0131n\u0131 ama\u00e7layan bir metodoloji m\u00fcfredat\u0131na dayanmaktad\u0131r.[\/vc_column_text]<div style=\"height:60px; width:100%;clear:both\"><\/div>[\/vc_column][\/vc_row][vc_row type=&#8221;grid&#8221; video_bg=&#8221;&#8221;][vc_column dp_animation=&#8221;&#8221;]<div class=\"headline  \"><h3><span>Bu; ba\u011f\u0131ms\u0131z \u00e7al\u0131\u015fmaya giri\u015f, gruplarda veya projelerde \u00e7al\u0131\u015fma ve sonu\u00e7lar\u0131 sunma ve tart\u0131\u015fma becerisini i\u00e7erir.<\/span><\/h3><\/div>[vc_column_text dp_animation=&#8221;&#8221;]Metodoloji m\u00fcfredat\u0131m\u0131za genel bir bak\u0131\u015f:[\/vc_column_text]<div style=\"height:30px; width:100%;clear:both\"><\/div>[vc_row_inner][vc_column_inner width=&#8221;1\/4&#8243;][vc_column_text dp_animation=&#8221;&#8221;]<\/p>\n<p style=\"text-align: center;\"><strong>1. s\u0131n\u0131f<\/strong><br \/>\nPlanl\u0131 \u00e7al\u0131\u015fma, ba\u011f\u0131ms\u0131zl\u0131k, yap\u0131<\/p>\n<p>[\/vc_column_text][\/vc_column_inner][vc_column_inner width=&#8221;1\/4&#8243;][vc_column_text dp_animation=&#8221;&#8221;]<\/p>\n<p style=\"text-align: center;\"><strong>2. s\u0131n\u0131f<\/strong><br \/>\nAl\u0131\u015ft\u0131rma kartlar\u0131\/An\u0131msat\u0131c\u0131lar,<br \/>\nSe\u00e7meli ve zorunlu g\u00f6revlerle planl\u0131 \u00e7al\u0131\u015fma, serbest \u00f6\u011frenme se\u00e7enekleri<\/p>\n<p>[\/vc_column_text][\/vc_column_inner][vc_column_inner width=&#8221;1\/4&#8243;][vc_column_text dp_animation=&#8221;&#8221;]<\/p>\n<p style=\"text-align: center;\"><strong>3. s\u0131n\u0131f<\/strong><br \/>\nPosterler,<br \/>\n\u00d6z kontrol, at\u00f6lye \u00e7al\u0131\u015fmas\u0131, deneyler<\/p>\n<p>[\/vc_column_text][\/vc_column_inner][vc_column_inner width=&#8221;1\/4&#8243;][vc_column_text dp_animation=&#8221;&#8221;]<\/p>\n<p style=\"text-align: center;\"><strong>4. s\u0131n\u0131f<\/strong><br \/>\nGeri bildirim, De\u011ferlendirme<br \/>\nSunumlar\u0131n \u00f6z de\u011ferlendirmesi<\/p>\n<p>[\/vc_column_text][\/vc_column_inner][\/vc_row_inner][vc_column_text dp_animation=&#8221;&#8221;]Destek gerekli olmas\u0131 durumuna kar\u015f\u0131n Astrid-Lindgren-Schule Destek Merkezi bize tahsis edilmi\u015ftir.<\/p>\n<p>Bu merkez, okulumuzun hemen yan\u0131nda bulunmaktad\u0131r. Yani entegrasyon \u00f6\u011fretmenleri do\u011frudan yerinde bulunmaktad\u0131r.[\/vc_column_text][\/vc_column][\/vc_row]<\/p>\n<\/div>","protected":false},"excerpt":{"rendered":"<p>[vc_row type=&#8221;grid&#8221; video_bg=&#8221;&#8221;][vc_column dp_animation=&#8221;&#8221;][vc_column_text dp_animation=&#8221;&#8221;]\u0130lkokulumuz d\u00f6rt s\u0131n\u0131fa ayr\u0131lm\u0131\u015ft\u0131r. Bu, etkili bir s\u0131n\u0131f y\u00f6netimine ve gerekli oldu\u011fu yerde \u00e7ocuklar\u0131n hedefe odakl\u0131 bir \u015fekilde desteklenmesine olanak sa\u011flar. <p><a class=\"readon\" href=\"https:\/\/www.hms-luebeck.de\/tr\/ilokul\/kavram\/\"><span>Mehr lesen<\/span><\/a><\/p><\/p>\n","protected":false},"author":10,"featured_media":9610,"parent":9606,"menu_order":0,"comment_status":"closed","ping_status":"closed","template":"template.threequarterwidth.php","meta":{"footnotes":""},"class_list":["post-9608","page","type-page","status-publish","has-post-thumbnail","hentry"],"_links":{"self":[{"href":"https:\/\/www.hms-luebeck.de\/tr\/wp-json\/wp\/v2\/pages\/9608","targetHints":{"allow":["GET"]}}],"collection":[{"href":"https:\/\/www.hms-luebeck.de\/tr\/wp-json\/wp\/v2\/pages"}],"about":[{"href":"https:\/\/www.hms-luebeck.de\/tr\/wp-json\/wp\/v2\/types\/page"}],"author":[{"embeddable":true,"href":"https:\/\/www.hms-luebeck.de\/tr\/wp-json\/wp\/v2\/users\/10"}],"replies":[{"embeddable":true,"href":"https:\/\/www.hms-luebeck.de\/tr\/wp-json\/wp\/v2\/comments?post=9608"}],"version-history":[{"count":3,"href":"https:\/\/www.hms-luebeck.de\/tr\/wp-json\/wp\/v2\/pages\/9608\/revisions"}],"predecessor-version":[{"id":10937,"href":"https:\/\/www.hms-luebeck.de\/tr\/wp-json\/wp\/v2\/pages\/9608\/revisions\/10937"}],"up":[{"embeddable":true,"href":"https:\/\/www.hms-luebeck.de\/tr\/wp-json\/wp\/v2\/pages\/9606"}],"wp:featuredmedia":[{"embeddable":true,"href":"https:\/\/www.hms-luebeck.de\/tr\/wp-json\/wp\/v2\/media\/9610"}],"wp:attachment":[{"href":"https:\/\/www.hms-luebeck.de\/tr\/wp-json\/wp\/v2\/media?parent=9608"}],"curies":[{"name":"wp","href":"https:\/\/api.w.org\/{rel}","templated":true}]}}