{"id":10322,"date":"2021-08-02T16:28:02","date_gmt":"2021-08-02T14:28:02","guid":{"rendered":"https:\/\/www.hms-luebeck.de\/?page_id=10322"},"modified":"2021-08-04T15:34:33","modified_gmt":"2021-08-04T13:34:33","slug":"okuldaki-anaokolun","status":"publish","type":"page","link":"https:\/\/www.hms-luebeck.de\/tr\/ilokul\/okuldaki-anaokolun\/","title":{"rendered":"Okuldaki anaokolun"},"content":{"rendered":"<div class=\"wpb-content-wrapper\"><p>[vc_row type=&#8221;grid&#8221; video_bg=&#8221;&#8221;][vc_column dp_animation=&#8221;&#8221;]<div class=\"headline  \"><h3><span>Minik \u00f6\u011frenciler<\/span><\/h3><\/div>[vc_column_text dp_animation=&#8221;&#8221;]\u0130lkokulumuz, okul \u00f6ncesi \u00e7ocuklar i\u00e7in anaokulunun son y\u0131l\u0131n\u0131 birlikte \u015fekillendirmek amac\u0131yla, yak\u0131n civarda bulunan iki anaokulu (Br\u00fcder-Grimm \u00c7ocuk G\u00fcnd\u00fcz Bak\u0131mevi ve Moislinger Berg \u00c7ocuk G\u00fcnd\u00fcz Bak\u0131mevi) ile i\u015f birli\u011fi yapmaktad\u0131r.<\/p>\n<p>Bu &#8220;minik \u00f6\u011frenciler&#8221; haftada bir kez okulumuza gelmekte ve b\u00f6ylece uzun vadede okula ba\u015flamadan \u00f6nce, biraz okul havas\u0131 koklayabilmektedir. Ek olarak, bu form okula kay\u0131t prosed\u00fcr\u00fcn\u00fc \u015fekillendirmede bize yard\u0131mc\u0131 olmaktad\u0131r. Okula kay\u0131t ekibi, bir\u00e7ok \u00e7ocu\u011fu ve ebeveynlerini zaten tan\u0131maktad\u0131r.\u00a0 Anaokullar\u0131 ile yap\u0131lan anla\u015fmalar dar kapsaml\u0131 ve basittir. Ancak Moisling&#8217;deki di\u011fer anaokullar\u0131yla da iyi bir ileti\u015fimimiz var, \u00e7\u00fcnk\u00fc kay\u0131t ekibimiz uzun y\u0131llard\u0131r Moisling&#8217;de \u00e7al\u0131\u015f\u0131yor ve herkes birbirini tan\u0131yor. Bu sayede yeni gelecek birinci s\u0131n\u0131fa her zaman en iyi \u015fekilde haz\u0131r olmaktay\u0131z.[\/vc_column_text][\/vc_column][\/vc_row]<\/p>\n<\/div>","protected":false},"excerpt":{"rendered":"<p>[vc_row type=&#8221;grid&#8221; video_bg=&#8221;&#8221;][vc_column dp_animation=&#8221;&#8221;][vc_column_text dp_animation=&#8221;&#8221;]\u0130lkokulumuz, okul \u00f6ncesi \u00e7ocuklar i\u00e7in anaokulunun son y\u0131l\u0131n\u0131 birlikte \u015fekillendirmek amac\u0131yla, yak\u0131n civarda bulunan iki anaokulu (Br\u00fcder-Grimm \u00c7ocuk G\u00fcnd\u00fcz Bak\u0131mevi ve <p><a class=\"readon\" href=\"https:\/\/www.hms-luebeck.de\/tr\/ilokul\/okuldaki-anaokolun\/\"><span>Mehr lesen<\/span><\/a><\/p><\/p>\n","protected":false},"author":10,"featured_media":9610,"parent":9606,"menu_order":0,"comment_status":"closed","ping_status":"closed","template":"template.threequarterwidth.php","meta":{"footnotes":""},"class_list":["post-10322","page","type-page","status-publish","has-post-thumbnail","hentry"],"_links":{"self":[{"href":"https:\/\/www.hms-luebeck.de\/tr\/wp-json\/wp\/v2\/pages\/10322","targetHints":{"allow":["GET"]}}],"collection":[{"href":"https:\/\/www.hms-luebeck.de\/tr\/wp-json\/wp\/v2\/pages"}],"about":[{"href":"https:\/\/www.hms-luebeck.de\/tr\/wp-json\/wp\/v2\/types\/page"}],"author":[{"embeddable":true,"href":"https:\/\/www.hms-luebeck.de\/tr\/wp-json\/wp\/v2\/users\/10"}],"replies":[{"embeddable":true,"href":"https:\/\/www.hms-luebeck.de\/tr\/wp-json\/wp\/v2\/comments?post=10322"}],"version-history":[{"count":3,"href":"https:\/\/www.hms-luebeck.de\/tr\/wp-json\/wp\/v2\/pages\/10322\/revisions"}],"predecessor-version":[{"id":10965,"href":"https:\/\/www.hms-luebeck.de\/tr\/wp-json\/wp\/v2\/pages\/10322\/revisions\/10965"}],"up":[{"embeddable":true,"href":"https:\/\/www.hms-luebeck.de\/tr\/wp-json\/wp\/v2\/pages\/9606"}],"wp:featuredmedia":[{"embeddable":true,"href":"https:\/\/www.hms-luebeck.de\/tr\/wp-json\/wp\/v2\/media\/9610"}],"wp:attachment":[{"href":"https:\/\/www.hms-luebeck.de\/tr\/wp-json\/wp\/v2\/media?parent=10322"}],"curies":[{"name":"wp","href":"https:\/\/api.w.org\/{rel}","templated":true}]}}