{"id":10311,"date":"2021-08-02T16:27:18","date_gmt":"2021-08-02T14:27:18","guid":{"rendered":"https:\/\/www.hms-luebeck.de\/?page_id=10311"},"modified":"2021-08-04T15:23:57","modified_gmt":"2021-08-04T13:23:57","slug":"internet-alfabesi","status":"publish","type":"page","link":"https:\/\/www.hms-luebeck.de\/tr\/ilokul\/internet-alfabesi\/","title":{"rendered":"Internet alfabesi"},"content":{"rendered":"<div class=\"wpb-content-wrapper\"><p>[vc_row type=&#8221;grid&#8221; video_bg=&#8221;&#8221;][vc_column dp_animation=&#8221;&#8221;]<div class=\"headline  \"><h3><span>Internet ABC (Temel internet bilgisi)<\/span><\/h3><\/div>[vc_column_text dp_animation=&#8221;&#8221;]Internet-ABC, internete ba\u015flamak i\u00e7in e\u011flenceli ve g\u00fcvenli bir e\u011fitim kursudur. A\u011f \u00fczerindeki bir rehber olarak, World Wide Web&#8217;in sorumlulu\u011funun bilincinde kullan\u0131m\u0131 hakk\u0131nda somut yard\u0131m ve bilgiler sunmaktad\u0131r. Reklams\u0131z platform; a\u00e7\u0131klamalar, ipu\u00e7lar\u0131 ve p\u00fcf noktalar\u0131 ile be\u015f ila on iki ya\u015f aras\u0131ndaki \u00e7ocuklara, ebeveynlere ve e\u011fitimcilere y\u00f6neliktir.<\/p>\n<p>Projenin arkas\u0131nda, Almanya&#8217;n\u0131n b\u00fct\u00fcn<a href=\"https:\/\/www.internet-abc.de\/lehrkraefte\/internet-abc-schule\/\"> ulusal medya kurulu\u015flar\u0131n\u0131n<\/a> dahil oldu\u011fu, kamu yarar\u0131na \u00e7al\u0131\u015fan Internet-ABC Derne\u011fi bulunmaktad\u0131r.<\/p>\n<p>Dernek \u00e7al\u0131\u015fmas\u0131n\u0131n temel amac\u0131, \u00e7ocuklar\u0131 ve yeti\u015fkinleri internet yetkinli\u011fi edinme ve \u00f6\u011fretme konusunda destek olmakt\u0131r.<\/p>\n<p>&nbsp;<\/p>\n<p>&nbsp;<\/p>\n<p>Internet-ABC proje platformu, Grimme-Institut, Marl ile i\u015f birli\u011fi i\u00e7inde Internet-ABC e.V. derne\u011fi taraf\u0131ndan uygulanmaktad\u0131r.[\/vc_column_text]<div style=\"height:40px; width:100%;clear:both\"><\/div>[vc_single_image image=&#8221;9428&#8243; img_size=&#8221;medium&#8221; onclick=&#8221;custom_link&#8221; img_link_target=&#8221;_blank&#8221; dp_animation=&#8221;&#8221; link=&#8221;https:\/\/www.internet-abc.de\/lehrkraefte\/internet-abc-schule\/&#8221;][\/vc_column][\/vc_row]<\/p>\n<\/div>","protected":false},"excerpt":{"rendered":"<p>[vc_row type=&#8221;grid&#8221; video_bg=&#8221;&#8221;][vc_column dp_animation=&#8221;&#8221;][vc_column_text dp_animation=&#8221;&#8221;]Internet-ABC, internete ba\u015flamak i\u00e7in e\u011flenceli ve g\u00fcvenli bir e\u011fitim kursudur. A\u011f \u00fczerindeki bir rehber olarak, World Wide Web&#8217;in sorumlulu\u011funun bilincinde kullan\u0131m\u0131 <p><a class=\"readon\" href=\"https:\/\/www.hms-luebeck.de\/tr\/ilokul\/internet-alfabesi\/\"><span>Mehr lesen<\/span><\/a><\/p><\/p>\n","protected":false},"author":10,"featured_media":9610,"parent":9606,"menu_order":0,"comment_status":"closed","ping_status":"closed","template":"template.threequarterwidth.php","meta":{"footnotes":""},"class_list":["post-10311","page","type-page","status-publish","has-post-thumbnail","hentry"],"_links":{"self":[{"href":"https:\/\/www.hms-luebeck.de\/tr\/wp-json\/wp\/v2\/pages\/10311","targetHints":{"allow":["GET"]}}],"collection":[{"href":"https:\/\/www.hms-luebeck.de\/tr\/wp-json\/wp\/v2\/pages"}],"about":[{"href":"https:\/\/www.hms-luebeck.de\/tr\/wp-json\/wp\/v2\/types\/page"}],"author":[{"embeddable":true,"href":"https:\/\/www.hms-luebeck.de\/tr\/wp-json\/wp\/v2\/users\/10"}],"replies":[{"embeddable":true,"href":"https:\/\/www.hms-luebeck.de\/tr\/wp-json\/wp\/v2\/comments?post=10311"}],"version-history":[{"count":5,"href":"https:\/\/www.hms-luebeck.de\/tr\/wp-json\/wp\/v2\/pages\/10311\/revisions"}],"predecessor-version":[{"id":10942,"href":"https:\/\/www.hms-luebeck.de\/tr\/wp-json\/wp\/v2\/pages\/10311\/revisions\/10942"}],"up":[{"embeddable":true,"href":"https:\/\/www.hms-luebeck.de\/tr\/wp-json\/wp\/v2\/pages\/9606"}],"wp:featuredmedia":[{"embeddable":true,"href":"https:\/\/www.hms-luebeck.de\/tr\/wp-json\/wp\/v2\/media\/9610"}],"wp:attachment":[{"href":"https:\/\/www.hms-luebeck.de\/tr\/wp-json\/wp\/v2\/media?parent=10311"}],"curies":[{"name":"wp","href":"https:\/\/api.w.org\/{rel}","templated":true}]}}