{"id":10290,"date":"2021-08-02T16:25:34","date_gmt":"2021-08-02T14:25:34","guid":{"rendered":"https:\/\/www.hms-luebeck.de\/?page_id=10290"},"modified":"2021-08-04T15:29:02","modified_gmt":"2021-08-04T13:29:02","slug":"entegrasyon","status":"publish","type":"page","link":"https:\/\/www.hms-luebeck.de\/tr\/ilokul\/entegrasyon\/","title":{"rendered":"Entegrasyon"},"content":{"rendered":"<div class=\"wpb-content-wrapper\"><p>[vc_row type=&#8221;grid&#8221; video_bg=&#8221;&#8221;][vc_column dp_animation=&#8221;&#8221;]<div class=\"headline  \"><h3><span>Entegrasyon<\/span><\/h3><\/div>[vc_column_text dp_animation=&#8221;&#8221;]Schleswig-Holstein eyaletinde entegrasyon odakl\u0131 e\u011fitim kanun koyucu taraf\u0131ndan talep edilmektedir. Bu, \u00f6zel pedagojik gereksinimi olan \u00f6\u011frencilere okulumuzda s\u0131n\u0131f ortam\u0131nda ders verilmesi anlam\u0131na gelmektedir. Bu ama\u00e7la ilgili \u00e7ocuklar i\u00e7in \u00f6zel okul \u00f6\u011fretmenleri g\u00f6revlendirilmektedir.<\/p>\n<p>Bizden sorumlu destek merkezi Astrid-Lindgren-Schule&#8217;dir; bu okulun okul saham\u0131z\u0131n hemen yan\u0131nda olmas\u0131, daha k\u0131sa mesafeler ve basitle\u015ftirilmi\u015f bir organizasyon anlam\u0131na gelmektedir.[\/vc_column_text][\/vc_column][\/vc_row]<\/p>\n<\/div>","protected":false},"excerpt":{"rendered":"<p>[vc_row type=&#8221;grid&#8221; video_bg=&#8221;&#8221;][vc_column dp_animation=&#8221;&#8221;][vc_column_text dp_animation=&#8221;&#8221;]Schleswig-Holstein eyaletinde entegrasyon odakl\u0131 e\u011fitim kanun koyucu taraf\u0131ndan talep edilmektedir. Bu, \u00f6zel pedagojik gereksinimi olan \u00f6\u011frencilere okulumuzda s\u0131n\u0131f ortam\u0131nda ders verilmesi <p><a class=\"readon\" href=\"https:\/\/www.hms-luebeck.de\/tr\/ilokul\/entegrasyon\/\"><span>Mehr lesen<\/span><\/a><\/p><\/p>\n","protected":false},"author":10,"featured_media":9610,"parent":9606,"menu_order":0,"comment_status":"closed","ping_status":"closed","template":"template.threequarterwidth.php","meta":{"footnotes":""},"class_list":["post-10290","page","type-page","status-publish","has-post-thumbnail","hentry"],"_links":{"self":[{"href":"https:\/\/www.hms-luebeck.de\/tr\/wp-json\/wp\/v2\/pages\/10290","targetHints":{"allow":["GET"]}}],"collection":[{"href":"https:\/\/www.hms-luebeck.de\/tr\/wp-json\/wp\/v2\/pages"}],"about":[{"href":"https:\/\/www.hms-luebeck.de\/tr\/wp-json\/wp\/v2\/types\/page"}],"author":[{"embeddable":true,"href":"https:\/\/www.hms-luebeck.de\/tr\/wp-json\/wp\/v2\/users\/10"}],"replies":[{"embeddable":true,"href":"https:\/\/www.hms-luebeck.de\/tr\/wp-json\/wp\/v2\/comments?post=10290"}],"version-history":[{"count":3,"href":"https:\/\/www.hms-luebeck.de\/tr\/wp-json\/wp\/v2\/pages\/10290\/revisions"}],"predecessor-version":[{"id":10946,"href":"https:\/\/www.hms-luebeck.de\/tr\/wp-json\/wp\/v2\/pages\/10290\/revisions\/10946"}],"up":[{"embeddable":true,"href":"https:\/\/www.hms-luebeck.de\/tr\/wp-json\/wp\/v2\/pages\/9606"}],"wp:featuredmedia":[{"embeddable":true,"href":"https:\/\/www.hms-luebeck.de\/tr\/wp-json\/wp\/v2\/media\/9610"}],"wp:attachment":[{"href":"https:\/\/www.hms-luebeck.de\/tr\/wp-json\/wp\/v2\/media?parent=10290"}],"curies":[{"name":"wp","href":"https:\/\/api.w.org\/{rel}","templated":true}]}}