{"id":10214,"date":"2021-08-02T16:16:52","date_gmt":"2021-08-02T14:16:52","guid":{"rendered":"https:\/\/www.hms-luebeck.de\/?page_id=10214"},"modified":"2021-08-04T16:04:05","modified_gmt":"2021-08-04T14:04:05","slug":"kavram","status":"publish","type":"page","link":"https:\/\/www.hms-luebeck.de\/tr\/ortaokul\/kavram\/","title":{"rendered":"Kavram"},"content":{"rendered":"<div class=\"wpb-content-wrapper\"><p>[vc_row type=&#8221;grid&#8221; video_bg=&#8221;&#8221;][vc_column dp_animation=&#8221;&#8221;]<div class=\"headline  \"><h3><span>Karma e\u011fitim okulumuzun konsepti.<\/span><\/h3><\/div>[vc_column_text dp_animation=&#8221;&#8221;]Karma e\u011fitim okulumuz 6 s\u0131n\u0131fa ayr\u0131lm\u0131\u015ft\u0131r (5 &#8211; 10. s\u0131n\u0131flar). 5. s\u0131n\u0131flar\u0131m\u0131z, okul g\u00f6revlileri ve bir i-\u00f6\u011fretmen taraf\u0131ndan desteklenen s\u0131n\u0131f y\u00f6netim ekipleri taraf\u0131ndan y\u00f6netilmektedir.<\/p>\n<ol start=\"6\">\n<li>s\u0131n\u0131ftan 10. s\u0131n\u0131fa kadar olan s\u0131n\u0131flarda dersler, ayn\u0131 \u015fekilde okul g\u00f6revlileri (6. s\u0131n\u0131fa kadar), i-\u00f6\u011fretmenler ve s\u0131n\u0131f liderlerinden olu\u015fan multiprofesyonel ekipler taraf\u0131ndan verilmektedir.<\/li>\n<\/ol>\n<p>Esnek s\u0131n\u0131flar ayr\u0131ca bir meslek y\u00f6nlendirme ko\u00e7u taraf\u0131ndan desteklenmektedir.<\/p>\n<ol start=\"5\">\n<li>ve 6. s\u0131n\u0131flarda, ilkokulda \u00f6\u011frenilen y\u00f6ntemler ele al\u0131n\u0131r ve ba\u011f\u0131ms\u0131z \u00f6\u011frenme ve \u00e7al\u0131\u015fman\u0131n yan\u0131 s\u0131ra ESA veya MSA elde etmek i\u00e7in iyi bir temel olu\u015fturulacak \u015fekilde, \u00f6zel olarak orta \u00f6\u011fretime uyarlanm\u0131\u015f bir metodoloji m\u00fcfredat\u0131 arac\u0131l\u0131\u011f\u0131yla daha da geli\u015ftirilir:<\/li>\n<\/ol>\n<p>[\/vc_column_text][vc_column_text dp_animation=&#8221;&#8221;]<\/p>\n<p style=\"text-align: center;\"><strong><u>Mini-Methoden Klasse 5<\/u><\/strong><\/p>\n<table>\n<tbody>\n<tr>\n<td width=\"166\">Baustein<\/td>\n<td width=\"73\">Deutsch<\/td>\n<td style=\"text-align: center;\" width=\"73\">Englisch<\/td>\n<td style=\"text-align: center;\" width=\"73\">Mathematik<\/td>\n<td style=\"text-align: center;\" width=\"73\">Weltkunde<\/td>\n<td style=\"text-align: center;\" width=\"73\">NaWi<\/td>\n<td style=\"text-align: center;\" width=\"73\">Arbeitsstunde<\/td>\n<\/tr>\n<tr>\n<td width=\"166\">Meinen Schulranzen richtig packen.<\/td>\n<td style=\"text-align: center;\" width=\"73\"><\/td>\n<td width=\"73\"><\/td>\n<td width=\"73\"><\/td>\n<td width=\"73\"><\/td>\n<td width=\"73\"><\/td>\n<td style=\"text-align: center;\" width=\"73\">X<\/td>\n<\/tr>\n<tr>\n<td width=\"166\">Meinen Arbeitsplatz gestalten.<\/td>\n<td style=\"text-align: center;\" width=\"73\">X<\/td>\n<td style=\"text-align: center;\" width=\"73\">X<\/td>\n<td style=\"text-align: center;\" width=\"73\">X<\/td>\n<td style=\"text-align: center;\" width=\"73\">X<\/td>\n<td style=\"text-align: center;\" width=\"73\">X<\/td>\n<td width=\"73\"><\/td>\n<\/tr>\n<tr>\n<td width=\"166\">Mein Heft \u00fcbersichtlich f\u00fchren.<\/td>\n<td style=\"text-align: center;\" width=\"73\">X<\/td>\n<td style=\"text-align: center;\" width=\"73\">X<\/td>\n<td style=\"text-align: center;\" width=\"73\">X<\/td>\n<td style=\"text-align: center;\" width=\"73\">X<\/td>\n<td style=\"text-align: center;\" width=\"73\">X<\/td>\n<td width=\"73\"><\/td>\n<\/tr>\n<tr>\n<td width=\"166\">Ein Regelheft anlegen.<\/td>\n<td style=\"text-align: center;\" width=\"73\">X<\/td>\n<td width=\"73\"><\/td>\n<td style=\"text-align: center;\" width=\"73\">X<\/td>\n<td width=\"73\"><\/td>\n<td width=\"73\"><\/td>\n<td width=\"73\"><\/td>\n<\/tr>\n<tr>\n<td width=\"166\">Den Schulplaner sinnvoll nutzen.<\/td>\n<td style=\"text-align: center;\" width=\"73\">X<\/td>\n<td style=\"text-align: center;\" width=\"73\">X<\/td>\n<td style=\"text-align: center;\" width=\"73\">X<\/td>\n<td style=\"text-align: center;\" width=\"73\">X<\/td>\n<td style=\"text-align: center;\" width=\"73\">X<\/td>\n<td width=\"73\"><\/td>\n<\/tr>\n<tr>\n<td width=\"166\">Mit dem W\u00f6rterbuch umgehen.<\/td>\n<td style=\"text-align: center;\" width=\"73\">X<\/td>\n<td style=\"text-align: center;\" width=\"73\">X<\/td>\n<td width=\"73\"><\/td>\n<td width=\"73\"><\/td>\n<td width=\"73\"><\/td>\n<td width=\"73\"><\/td>\n<\/tr>\n<tr>\n<td width=\"166\">Den Vertretungsplan lesen k\u00f6nnen.<\/td>\n<td width=\"73\"><\/td>\n<td width=\"73\"><\/td>\n<td width=\"73\"><\/td>\n<td width=\"73\"><\/td>\n<td width=\"73\"><\/td>\n<td style=\"text-align: center;\" width=\"73\">X<\/td>\n<\/tr>\n<tr>\n<td width=\"166\">Ein Brainstorming anfertigen.<\/td>\n<td style=\"text-align: center;\" width=\"73\">X<\/td>\n<td style=\"text-align: center;\" width=\"73\">X<\/td>\n<td style=\"text-align: center;\" width=\"73\">X<\/td>\n<td style=\"text-align: center;\" width=\"73\">X<\/td>\n<td style=\"text-align: center;\" width=\"73\">X<\/td>\n<td width=\"73\"><\/td>\n<\/tr>\n<tr>\n<td width=\"166\">Ein Vokabelheft f\u00fchren.<\/td>\n<td width=\"73\"><\/td>\n<td style=\"text-align: center;\" width=\"73\">X<\/td>\n<td width=\"73\"><\/td>\n<td width=\"73\"><\/td>\n<td width=\"73\"><\/td>\n<td width=\"73\"><\/td>\n<\/tr>\n<tr>\n<td width=\"166\">Die Uhr lesen.<\/td>\n<td width=\"73\"><\/td>\n<td width=\"73\"><\/td>\n<td width=\"73\"><\/td>\n<td width=\"73\"><\/td>\n<td width=\"73\"><\/td>\n<td style=\"text-align: center;\" width=\"73\">X<\/td>\n<\/tr>\n<tr>\n<td width=\"166\">Wie bearbeite ich ein Arbeitsblatt?<\/td>\n<td width=\"73\"><\/td>\n<td width=\"73\"><\/td>\n<td width=\"73\"><\/td>\n<td width=\"73\"><\/td>\n<td width=\"73\"><\/td>\n<td style=\"text-align: center;\" width=\"73\">X<\/td>\n<\/tr>\n<tr>\n<td width=\"166\">Wie bearbeite ich einen Arbeitsplan\/Wochenplan?<\/td>\n<td width=\"73\"><\/td>\n<td width=\"73\"><\/td>\n<td width=\"73\"><\/td>\n<td width=\"73\"><\/td>\n<td width=\"73\"><\/td>\n<td style=\"text-align: center;\" width=\"73\">X<\/td>\n<\/tr>\n<tr>\n<td width=\"166\">Ich halte die Gespr\u00e4chsregeln ein.<\/td>\n<td style=\"text-align: center;\" width=\"73\">X<\/td>\n<td style=\"text-align: center;\" width=\"73\">X<\/td>\n<td width=\"73\"><\/td>\n<td width=\"73\"><\/td>\n<td width=\"73\"><\/td>\n<td width=\"73\">X<\/td>\n<\/tr>\n<\/tbody>\n<\/table>\n<p>&nbsp;<\/p>\n<p><strong><u>Mini-Methoden Klasse 6<\/u><\/strong><\/p>\n<table>\n<tbody>\n<tr>\n<td width=\"166\">Baustein<\/td>\n<td style=\"text-align: center;\" width=\"73\">Deutsch<\/td>\n<td style=\"text-align: center;\" width=\"73\">Englisch<\/td>\n<td style=\"text-align: center;\" width=\"73\">Mathematik<\/td>\n<td style=\"text-align: center;\" width=\"73\">Weltkunde<\/td>\n<td style=\"text-align: center;\" width=\"73\">NaWi<\/td>\n<td style=\"text-align: center;\" width=\"73\">Arbeitsstunde<\/td>\n<\/tr>\n<tr>\n<td width=\"166\">Meine F\u00e4cher sinnvoll nutzen.<\/td>\n<td width=\"73\"><\/td>\n<td width=\"73\"><\/td>\n<td width=\"73\"><\/td>\n<td width=\"73\"><\/td>\n<td width=\"73\"><\/td>\n<td style=\"text-align: center;\" width=\"73\">X<\/td>\n<\/tr>\n<tr>\n<td width=\"166\">Meine Hausaufgaben gut einteilen.<\/td>\n<td width=\"73\"><\/td>\n<td width=\"73\"><\/td>\n<td width=\"73\"><\/td>\n<td width=\"73\"><\/td>\n<td width=\"73\"><\/td>\n<td style=\"text-align: center;\" width=\"73\">X<\/td>\n<\/tr>\n<tr>\n<td width=\"166\">Eine Klassenarbeit vorbereiten.<\/td>\n<td style=\"text-align: center;\" width=\"73\">X<\/td>\n<td style=\"text-align: center;\" width=\"73\">X<\/td>\n<td style=\"text-align: center;\" width=\"73\">X<\/td>\n<td style=\"text-align: center;\" width=\"73\">X<\/td>\n<td style=\"text-align: center;\" width=\"73\">X<\/td>\n<td width=\"73\"><\/td>\n<\/tr>\n<tr>\n<td width=\"166\">Arbeitsweise w\u00e4hrend einer Klassenarbeit.<\/td>\n<td width=\"73\"><\/td>\n<td width=\"73\"><\/td>\n<td width=\"73\"><\/td>\n<td width=\"73\"><\/td>\n<td width=\"73\"><\/td>\n<td style=\"text-align: center;\" width=\"73\">X<\/td>\n<\/tr>\n<tr>\n<td width=\"166\">Ein Mind-map erstellen.<\/td>\n<td style=\"text-align: center;\" width=\"73\">X<\/td>\n<td style=\"text-align: center;\" width=\"73\">X<\/td>\n<td style=\"text-align: center;\" width=\"73\">X<\/td>\n<td style=\"text-align: center;\" width=\"73\">X<\/td>\n<td style=\"text-align: center;\" width=\"73\">X<\/td>\n<td width=\"73\"><\/td>\n<\/tr>\n<tr>\n<td width=\"166\">Informationen beschaffen (Recherche).<\/td>\n<td style=\"text-align: center;\" width=\"73\">X<\/td>\n<td style=\"text-align: center;\" width=\"73\">X<\/td>\n<td style=\"text-align: center;\" width=\"73\">X<\/td>\n<td style=\"text-align: center;\" width=\"73\">X<\/td>\n<td style=\"text-align: center;\" width=\"73\">X<\/td>\n<td width=\"73\"><\/td>\n<\/tr>\n<tr>\n<td width=\"166\">Die Bibliothek nutzen.<\/td>\n<td style=\"text-align: center;\" width=\"73\">X<\/td>\n<td width=\"73\"><\/td>\n<td width=\"73\"><\/td>\n<td width=\"73\"><\/td>\n<td width=\"73\"><\/td>\n<td style=\"text-align: center;\" width=\"73\">X<\/td>\n<\/tr>\n<tr>\n<td width=\"166\">Ein Versuchsprotokoll schreiben.<\/td>\n<td width=\"73\"><\/td>\n<td width=\"73\"><\/td>\n<td width=\"73\"><\/td>\n<td width=\"73\"><\/td>\n<td style=\"text-align: center;\" width=\"73\">X<\/td>\n<td width=\"73\"><\/td>\n<\/tr>\n<tr>\n<td width=\"166\">Verhalten auf dem Schulweg<\/td>\n<td width=\"73\"><\/td>\n<td width=\"73\"><\/td>\n<td width=\"73\"><\/td>\n<td width=\"73\"><\/td>\n<td style=\"text-align: center;\" width=\"73\">X<\/td>\n<td style=\"text-align: center;\" width=\"73\">X<\/td>\n<\/tr>\n<tr>\n<td width=\"166\">Vers\u00e4umten Unterrichtsstoff selbstst\u00e4ndig nachholen.<\/td>\n<td style=\"text-align: center;\" width=\"73\">X<\/td>\n<td style=\"text-align: center;\" width=\"73\">X<\/td>\n<td style=\"text-align: center;\" width=\"73\">X<\/td>\n<td style=\"text-align: center;\" width=\"73\">X<\/td>\n<td style=\"text-align: center;\" width=\"73\">X<\/td>\n<td style=\"text-align: center;\" width=\"73\">X<\/td>\n<\/tr>\n<\/tbody>\n<\/table>\n<p>[\/vc_column_text][\/vc_column][\/vc_row]<\/p>\n<\/div>","protected":false},"excerpt":{"rendered":"<p>[vc_row type=&#8221;grid&#8221; video_bg=&#8221;&#8221;][vc_column dp_animation=&#8221;&#8221;][vc_column_text dp_animation=&#8221;&#8221;]Karma e\u011fitim okulumuz 6 s\u0131n\u0131fa ayr\u0131lm\u0131\u015ft\u0131r (5 &#8211; 10. s\u0131n\u0131flar). 5. s\u0131n\u0131flar\u0131m\u0131z, okul g\u00f6revlileri ve bir i-\u00f6\u011fretmen taraf\u0131ndan desteklenen s\u0131n\u0131f y\u00f6netim <p><a class=\"readon\" href=\"https:\/\/www.hms-luebeck.de\/tr\/ortaokul\/kavram\/\"><span>Mehr lesen<\/span><\/a><\/p><\/p>\n","protected":false},"author":10,"featured_media":10217,"parent":9672,"menu_order":0,"comment_status":"closed","ping_status":"closed","template":"template.threequarterwidth.php","meta":{"footnotes":""},"class_list":["post-10214","page","type-page","status-publish","has-post-thumbnail","hentry"],"_links":{"self":[{"href":"https:\/\/www.hms-luebeck.de\/tr\/wp-json\/wp\/v2\/pages\/10214","targetHints":{"allow":["GET"]}}],"collection":[{"href":"https:\/\/www.hms-luebeck.de\/tr\/wp-json\/wp\/v2\/pages"}],"about":[{"href":"https:\/\/www.hms-luebeck.de\/tr\/wp-json\/wp\/v2\/types\/page"}],"author":[{"embeddable":true,"href":"https:\/\/www.hms-luebeck.de\/tr\/wp-json\/wp\/v2\/users\/10"}],"replies":[{"embeddable":true,"href":"https:\/\/www.hms-luebeck.de\/tr\/wp-json\/wp\/v2\/comments?post=10214"}],"version-history":[{"count":3,"href":"https:\/\/www.hms-luebeck.de\/tr\/wp-json\/wp\/v2\/pages\/10214\/revisions"}],"predecessor-version":[{"id":10984,"href":"https:\/\/www.hms-luebeck.de\/tr\/wp-json\/wp\/v2\/pages\/10214\/revisions\/10984"}],"up":[{"embeddable":true,"href":"https:\/\/www.hms-luebeck.de\/tr\/wp-json\/wp\/v2\/pages\/9672"}],"wp:featuredmedia":[{"embeddable":true,"href":"https:\/\/www.hms-luebeck.de\/tr\/wp-json\/wp\/v2\/media\/10217"}],"wp:attachment":[{"href":"https:\/\/www.hms-luebeck.de\/tr\/wp-json\/wp\/v2\/media?parent=10214"}],"curies":[{"name":"wp","href":"https:\/\/api.w.org\/{rel}","templated":true}]}}