{"id":10196,"date":"2021-08-02T16:15:30","date_gmt":"2021-08-02T14:15:30","guid":{"rendered":"https:\/\/www.hms-luebeck.de\/?page_id=10196"},"modified":"2021-08-04T16:10:50","modified_gmt":"2021-08-04T14:10:50","slug":"%d0%b3%d1%80%d0%b0%d0%b4%d1%83%d1%81%d1%8b","status":"publish","type":"page","link":"https:\/\/www.hms-luebeck.de\/ru\/%d1%81%d1%80%d0%b5%d0%b4%d0%bd%d1%8f%d1%8f-%d1%88%d0%ba%d0%be%d0%bb%d0%b0\/%d0%b3%d1%80%d0%b0%d0%b4%d1%83%d1%81%d1%8b\/","title":{"rendered":"\u0433\u0440\u0430\u0434\u0443\u0441\u044b"},"content":{"rendered":"<div class=\"wpb-content-wrapper\"><p>[vc_row type=&#187;grid&#187; video_bg=&#187;&#187;][vc_column dp_animation=&#187;&#187;]<div class=\"headline  \"><h3><span>Schulabschl\u00fcsse<\/span><\/h3><\/div>[vc_column_text dp_animation=&#187;&#187;]Die Heinrich-Mann-Schule vergibt am Ende der Sekundarstufe I diese allgemeinbildenden Schulabschl\u00fcsse:<\/p>\n<ul>\n<li>Erster Allgemeinbildender Schulabschluss (ESA) \u2013 Jahrgangsstufe 9,<\/li>\n<li>Mittlerer Schulabschluss (MSA) \u2013 Jahrgangsstufe 10.<\/li>\n<\/ul>\n<p>Jeder Schulabschluss wird nach dem Bestehen einer Abschlusspr\u00fcfung vergeben.<\/p>\n<p>Die Abschlusspr\u00fcfung umfasst mehrere Teile:<\/p>\n<ul>\n<li>Projektarbeit<\/li>\n<li>Schriftliche Pr\u00fcfungen in Deutsch, Englisch, Mathematik<\/li>\n<li>M\u00fcndliche Pr\u00fcfung<\/li>\n<\/ul>\n<p>Die Abschlussnoten werden aus den jeweiligen Vornoten, die f\u00fcr die Schuljahresleistungen vergeben wurden und den Noten, die in den einzelnen Pr\u00fcfungen erreicht wurden, ermittelt.<\/p>\n<p>Sch\u00fclerinnen und Sch\u00fcler, die den Mittleren Abschluss (MSA) erreichen wollen, m\u00fcssen am Ende der Klassenstufe 9 nach Klassenstufe 10 versetzt worden sein.<\/p>\n<p>Mit dem Mittleren Abschluss (MSA) ist es m\u00f6glich, in die gymnasiale Oberstufe der Baltic-Schule oder an die L\u00fcbecker Berufsgymnasien zu wechseln, um das Abitur zu erreichen. Voraussetzung daf\u00fcr sind mindestens befriedigende Noten.<\/p>\n<p>Sch\u00fclerinnen und Sch\u00fcler, die an der Heinrich-Mann-Schule dauerhaft zieldifferent unterrichtet werden, k\u00f6nnen den F\u00f6rderschulabschluss (F\u00f6rderschwerpunkt Lernen) erhalten. Die Zuerkennung erfolgt durch die Astrid-Lindgren-Schule, F\u00f6rderzentrum der Hansestadt L\u00fcbeck. Die Vergabe geschieht durch unsere Schule.[\/vc_column_text][\/vc_column][\/vc_row]<\/p>\n<\/div>","protected":false},"excerpt":{"rendered":"<p>[vc_row type=&#187;grid&#187; video_bg=&#187;&#187;][vc_column dp_animation=&#187;&#187;][vc_column_text dp_animation=&#187;&#187;]Die Heinrich-Mann-Schule vergibt am Ende der Sekundarstufe I diese allgemeinbildenden Schulabschl\u00fcsse: Erster Allgemeinbildender Schulabschluss (ESA) \u2013 Jahrgangsstufe 9, Mittlerer Schulabschluss (MSA) <p><a class=\"readon\" href=\"https:\/\/www.hms-luebeck.de\/ru\/%d1%81%d1%80%d0%b5%d0%b4%d0%bd%d1%8f%d1%8f-%d1%88%d0%ba%d0%be%d0%bb%d0%b0\/%d0%b3%d1%80%d0%b0%d0%b4%d1%83%d1%81%d1%8b\/\"><span>Mehr lesen<\/span><\/a><\/p><\/p>\n","protected":false},"author":10,"featured_media":0,"parent":9670,"menu_order":0,"comment_status":"closed","ping_status":"closed","template":"template.threequarterwidth.php","meta":{"footnotes":""},"class_list":["post-10196","page","type-page","status-publish","hentry"],"_links":{"self":[{"href":"https:\/\/www.hms-luebeck.de\/ru\/wp-json\/wp\/v2\/pages\/10196","targetHints":{"allow":["GET"]}}],"collection":[{"href":"https:\/\/www.hms-luebeck.de\/ru\/wp-json\/wp\/v2\/pages"}],"about":[{"href":"https:\/\/www.hms-luebeck.de\/ru\/wp-json\/wp\/v2\/types\/page"}],"author":[{"embeddable":true,"href":"https:\/\/www.hms-luebeck.de\/ru\/wp-json\/wp\/v2\/users\/10"}],"replies":[{"embeddable":true,"href":"https:\/\/www.hms-luebeck.de\/ru\/wp-json\/wp\/v2\/comments?post=10196"}],"version-history":[{"count":3,"href":"https:\/\/www.hms-luebeck.de\/ru\/wp-json\/wp\/v2\/pages\/10196\/revisions"}],"predecessor-version":[{"id":10992,"href":"https:\/\/www.hms-luebeck.de\/ru\/wp-json\/wp\/v2\/pages\/10196\/revisions\/10992"}],"up":[{"embeddable":true,"href":"https:\/\/www.hms-luebeck.de\/ru\/wp-json\/wp\/v2\/pages\/9670"}],"wp:attachment":[{"href":"https:\/\/www.hms-luebeck.de\/ru\/wp-json\/wp\/v2\/media?parent=10196"}],"curies":[{"name":"wp","href":"https:\/\/api.w.org\/{rel}","templated":true}]}}