{"id":10126,"date":"2021-08-02T14:00:40","date_gmt":"2021-08-02T12:00:40","guid":{"rendered":"https:\/\/www.hms-luebeck.de\/?page_id=10126"},"modified":"2021-08-04T16:36:05","modified_gmt":"2021-08-04T14:36:05","slug":"%d1%81%d1%82%d0%be%d0%bb%d0%be%d0%b2%d0%b0%d1%8f","status":"publish","type":"page","link":"https:\/\/www.hms-luebeck.de\/ru\/%d1%81%d0%b4%d0%b5%d0%bb%d0%ba%d0%b8\/%d1%81%d1%82%d0%be%d0%bb%d0%be%d0%b2%d0%b0%d1%8f\/","title":{"rendered":"\u0421\u0442\u043e\u043b\u043e\u0432\u0430\u044f"},"content":{"rendered":"<div class=\"wpb-content-wrapper\"><p>[vc_row type=&#187;grid&#187; video_bg=&#187;&#187;][vc_column dp_animation=&#187;&#187;]<div class=\"headline  \"><h3><span>Essen in der Mensa<\/span><\/h3><\/div>[vc_column_text dp_animation=&#187;&#187;]An der Heinrich-Mann-Schule in L\u00fcbeck-Moisling bietet der Verbund sozialtherapeutischer Einrichtungen L\u00fcbeck e.V. in den hellen R\u00e4umlichkeiten der Mensa ein leckeres Mittagessen zum g\u00fcnstigen Preis an. Ein Nachtisch ist auch dabei.<br \/>\nHaben eure Eltern keine Zeit zum Kochen?<br \/>\nM\u00f6chtet ihr ein Freizeitangebot\u00a0im Offenen Ganztag besuchen, aber nach dem\u00a0Unterricht\u00a0knurrt euer Magen?<br \/>\nHabt ihr keine Lust, zu Hause allein zu essen?<br \/>\nDann kommt in die Mensa!<br \/>\nIhr k\u00f6nnt jeden Tag oder auch an einzelnen Tagen bei uns essen.<\/p>\n<p>&nbsp;<\/p>\n<p style=\"text-align: right;\"><strong><em>\u201eEssen und Trinken h\u00e4lt Leib und Seele zusammen.\u201c<\/em><\/strong><br \/>\n<strong><em>-Sokrates-<\/em><\/strong><\/p>\n<p>[\/vc_column_text][vc_separator css=&#187;.vc_custom_1519637421894{padding-top: 20px !important;padding-bottom: 20px !important;}&#187;]<div class=\"headline  \"><h3><span>Mensa \u2013 Leitfaden und Speiseplan<\/span><\/h3><\/div>[vc_column_text dp_animation=&#187;&#187;]<a href=\"https:\/\/www.hms-luebeck.de\/wp-content\/uploads\/2019\/06\/Essensplan-2019-KW33.docx\">\u00a0<\/a><\/p>\n<p><a href=\"https:\/\/www.hms-luebeck.de\/wp-content\/uploads\/2021\/05\/Speiseplan-2122-KW.docx\">Speiseplan 10. Mai bis 21. Mai<\/a><\/p>\n<p><a href=\"https:\/\/www.hms-luebeck.de\/wp-content\/uploads\/2020\/09\/LEITFADEN-F\u00dcR-DEN-MITTAGSTISCH-AN-DER-H-M-S_20190401.docx\">Leitfaden f\u00fcr den Mittagstisch an der H-M-S<\/a><\/p>\n<p><a href=\"https:\/\/www.hms-luebeck.de\/wp-content\/uploads\/2019\/02\/LEITFADEN-F\u00dcR-DEN-MITTAGSTISCH-AN-DER-H-M-S.docx\">Deklarationspflichtige Zusatzstoffe in Lebensmitteln<\/a>[\/vc_column_text][\/vc_column][\/vc_row]<\/p>\n<\/div>","protected":false},"excerpt":{"rendered":"<p>[vc_row type=&#187;grid&#187; video_bg=&#187;&#187;][vc_column dp_animation=&#187;&#187;][vc_column_text dp_animation=&#187;&#187;]An der Heinrich-Mann-Schule in L\u00fcbeck-Moisling bietet der Verbund sozialtherapeutischer Einrichtungen L\u00fcbeck e.V. in den hellen R\u00e4umlichkeiten der Mensa ein leckeres Mittagessen <p><a class=\"readon\" href=\"https:\/\/www.hms-luebeck.de\/ru\/%d1%81%d0%b4%d0%b5%d0%bb%d0%ba%d0%b8\/%d1%81%d1%82%d0%be%d0%bb%d0%be%d0%b2%d0%b0%d1%8f\/\"><span>Mehr lesen<\/span><\/a><\/p><\/p>\n","protected":false},"author":10,"featured_media":0,"parent":9580,"menu_order":0,"comment_status":"closed","ping_status":"closed","template":"template.threequarterwidth.php","meta":{"footnotes":""},"class_list":["post-10126","page","type-page","status-publish","hentry"],"_links":{"self":[{"href":"https:\/\/www.hms-luebeck.de\/ru\/wp-json\/wp\/v2\/pages\/10126","targetHints":{"allow":["GET"]}}],"collection":[{"href":"https:\/\/www.hms-luebeck.de\/ru\/wp-json\/wp\/v2\/pages"}],"about":[{"href":"https:\/\/www.hms-luebeck.de\/ru\/wp-json\/wp\/v2\/types\/page"}],"author":[{"embeddable":true,"href":"https:\/\/www.hms-luebeck.de\/ru\/wp-json\/wp\/v2\/users\/10"}],"replies":[{"embeddable":true,"href":"https:\/\/www.hms-luebeck.de\/ru\/wp-json\/wp\/v2\/comments?post=10126"}],"version-history":[{"count":4,"href":"https:\/\/www.hms-luebeck.de\/ru\/wp-json\/wp\/v2\/pages\/10126\/revisions"}],"predecessor-version":[{"id":11009,"href":"https:\/\/www.hms-luebeck.de\/ru\/wp-json\/wp\/v2\/pages\/10126\/revisions\/11009"}],"up":[{"embeddable":true,"href":"https:\/\/www.hms-luebeck.de\/ru\/wp-json\/wp\/v2\/pages\/9580"}],"wp:attachment":[{"href":"https:\/\/www.hms-luebeck.de\/ru\/wp-json\/wp\/v2\/media?parent=10126"}],"curies":[{"name":"wp","href":"https:\/\/api.w.org\/{rel}","templated":true}]}}