{"id":10617,"date":"2021-08-02T18:40:55","date_gmt":"2021-08-02T16:40:55","guid":{"rendered":"https:\/\/www.hms-luebeck.de\/?page_id=10617"},"modified":"2021-08-04T17:05:55","modified_gmt":"2021-08-04T15:05:55","slug":"zachecac-do-czytania","status":"publish","type":"page","link":"https:\/\/www.hms-luebeck.de\/pl\/wsparcie\/zachecac-do-czytania\/","title":{"rendered":"zach\u0119ca\u0107 do czytania"},"content":{"rendered":"<div class=\"wpb-content-wrapper\"><p>[vc_row type=&#8221;grid&#8221; video_bg=&#8221;&#8221;][vc_column dp_animation=&#8221;&#8221;]<div class=\"headline  \"><h3><span>Wspieranie nauki czytania<\/span><\/h3><\/div>[vc_column_text dp_animation=&#8221;&#8221;]Czytanie to najwa\u017cniejsza kompetencja, umo\u017cliwiaj\u0105ca dalsze kszta\u0142cenie si\u0119. Je\u017celi w tym obszarze zaistniej\u0105 deficyty, b\u0119d\u0105 one rzutowa\u0107 na prawie wszystkie dziedziny \u017cycia.<\/p>\n<p>Oferujemy dwie formy wsparcia przy nauce czytania:<\/p>\n<p>Po pierwsze, wsparcie organizowane przez szko\u0142\u0119 podczas lekcyjnego przedpo\u0142udnia. W tym celu<\/p>\n<p>dzieci, wymagaj\u0105ce pomocy podczas nauki czytania, wspierane s\u0105 przy nabywaniu tej kompetencji przez odpowiedniego nauczyciela w oddzielnym pomieszczeniu.<\/p>\n<p>&nbsp;<\/p>\n<p>Po drugie, wsparcie udzielane przez nauczycieli Mentor L\u00fcbeck e.V., pomagaj\u0105cych poszczeg\u00f3lnym<\/p>\n<p>dzieciom indywidualnie po lekcjach.[\/vc_column_text][\/vc_column][\/vc_row]<\/p>\n<\/div>","protected":false},"excerpt":{"rendered":"<p>[vc_row type=&#8221;grid&#8221; video_bg=&#8221;&#8221;][vc_column dp_animation=&#8221;&#8221;][vc_column_text dp_animation=&#8221;&#8221;]Czytanie to najwa\u017cniejsza kompetencja, umo\u017cliwiaj\u0105ca dalsze kszta\u0142cenie si\u0119. Je\u017celi w tym obszarze zaistniej\u0105 deficyty, b\u0119d\u0105 one rzutowa\u0107 na prawie wszystkie dziedziny <p><a class=\"readon\" href=\"https:\/\/www.hms-luebeck.de\/pl\/wsparcie\/zachecac-do-czytania\/\"><span>Mehr lesen<\/span><\/a><\/p><\/p>\n","protected":false},"author":10,"featured_media":0,"parent":9640,"menu_order":0,"comment_status":"closed","ping_status":"closed","template":"template.threequarterwidth.php","meta":{"footnotes":""},"class_list":["post-10617","page","type-page","status-publish","hentry"],"_links":{"self":[{"href":"https:\/\/www.hms-luebeck.de\/pl\/wp-json\/wp\/v2\/pages\/10617","targetHints":{"allow":["GET"]}}],"collection":[{"href":"https:\/\/www.hms-luebeck.de\/pl\/wp-json\/wp\/v2\/pages"}],"about":[{"href":"https:\/\/www.hms-luebeck.de\/pl\/wp-json\/wp\/v2\/types\/page"}],"author":[{"embeddable":true,"href":"https:\/\/www.hms-luebeck.de\/pl\/wp-json\/wp\/v2\/users\/10"}],"replies":[{"embeddable":true,"href":"https:\/\/www.hms-luebeck.de\/pl\/wp-json\/wp\/v2\/comments?post=10617"}],"version-history":[{"count":3,"href":"https:\/\/www.hms-luebeck.de\/pl\/wp-json\/wp\/v2\/pages\/10617\/revisions"}],"predecessor-version":[{"id":11040,"href":"https:\/\/www.hms-luebeck.de\/pl\/wp-json\/wp\/v2\/pages\/10617\/revisions\/11040"}],"up":[{"embeddable":true,"href":"https:\/\/www.hms-luebeck.de\/pl\/wp-json\/wp\/v2\/pages\/9640"}],"wp:attachment":[{"href":"https:\/\/www.hms-luebeck.de\/pl\/wp-json\/wp\/v2\/media?parent=10617"}],"curies":[{"name":"wp","href":"https:\/\/api.w.org\/{rel}","templated":true}]}}