{"id":10459,"date":"2021-08-02T18:37:30","date_gmt":"2021-08-02T16:37:30","guid":{"rendered":"https:\/\/www.hms-luebeck.de\/?page_id=10459"},"modified":"2021-08-03T14:51:58","modified_gmt":"2021-08-03T12:51:58","slug":"rodzice","status":"publish","type":"page","link":"https:\/\/www.hms-luebeck.de\/pl\/szkola\/rodzice\/","title":{"rendered":"Rodzice"},"content":{"rendered":"<div class=\"wpb-content-wrapper\"><p>[vc_row type=&#8221;grid&#8221; video_bg=&#8221;&#8221; is_fss_bg=&#8221;no&#8221; fss_style=&#8221;purple&#8221; fss_meshambient=&#8221;#555555&#8243; fss_meshdiffuse=&#8221;#ffffff&#8221; fss_lightambient=&#8221;#880066&#8243; fss_lightdiffuse=&#8221;#ff8800&#8243; css=&#8221;.vc_custom_1435738343682{padding-left: 6px !important;}&#8221;][vc_column dp_animation=&#8221;&#8221; css=&#8221;.vc_custom_1435737831912{padding-left: 10px !important;}&#8221;]<div class=\"headline  \"><h3><span>Szkolna rada rodzicielska<\/span><\/h3><\/div>[vc_column_text dp_animation=&#8221;&#8221;]Szkolna rada rodzicielska sk\u0142ada si\u0119 z wybranych przedstawicieli klasowych rad rodzicielskich. Wspiera prac\u0119 rad rodzicielskich nad wsp\u00f3lnym dzia\u0142aniem szko\u0142y i rodzic\u00f3w. Szkolna rada rodzicielska ma informowa\u0107 grono nauczycielskie raz w roku szkolnym o swojej pracy.<\/p>\n<p>Przewodnicz\u0105cym naszej szkolnej rady rodzicielskiej jest obecnie pan Mirco Bischoff.<\/p>\n<p>Mo\u017cna si\u0119 z nim skontaktowa\u0107 pod numerem telefonu: 0 45 1 \/ 9 69 05 10<\/p>\n<p>lub pod adresem e-mail: <a href=\"mailto:mirco.bischoff@travedsl.de\">mirco.bischoff@travedsl.de<\/a>[\/vc_column_text]<div style=\"height:40px; width:100%;clear:both\"><\/div>[\/vc_column][\/vc_row][vc_row type=&#8221;grid&#8221; video_bg=&#8221;&#8221;][vc_column dp_animation=&#8221;&#8221;][vc_column_text dp_animation=&#8221;&#8221;]<strong>Der Klassenelternbeirat<\/strong><\/p>\n<p>In jeder Klasse wird ein Elternbeirat f\u00fcr zwei Jahre gew\u00e4hlt. Dieser k\u00fcmmert sich um die Anliegen der Elternschaft, beruft Elternabende ein oder tr\u00e4gt besagte Elternanliegen an die Klassenleitung heran.<\/p>\n<p><strong>Der Schulelternbeirat<\/strong><\/p>\n<p>Der Schulelternbeirat wird gew\u00e4hlt. Er besteht aus je einem gew\u00e4hlten Mitglied des Klassenelternbeirats und wird aus dessen Mitte gew\u00e4hlt.<\/p>\n<ul>\n<li>Der Schulelternbeirat ist ein wichtiges Bindeglied zwischen Eltern, Sch\u00fclern, Schulleitung und Lehrern.<\/li>\n<li>Er hat die Aufgabe, die Elternbeir\u00e4te der Klassen zu unterst\u00fctzen.<\/li>\n<li>Der Vorstand, die Klassenelternbeir\u00e4te oder deren Vertreterinnen treffen sich in der Regel zwei Mal im Schuljahr zur gemeinsamen Beratung.<\/li>\n<\/ul>\n<p>[\/vc_column_text][\/vc_column][\/vc_row]<\/p>\n<\/div>","protected":false},"excerpt":{"rendered":"<p>[vc_row type=&#8221;grid&#8221; video_bg=&#8221;&#8221; is_fss_bg=&#8221;no&#8221; fss_style=&#8221;purple&#8221; fss_meshambient=&#8221;#555555&#8243; fss_meshdiffuse=&#8221;#ffffff&#8221; fss_lightambient=&#8221;#880066&#8243; fss_lightdiffuse=&#8221;#ff8800&#8243; css=&#8221;.vc_custom_1435738343682{padding-left: 6px !important;}&#8221;][vc_column dp_animation=&#8221;&#8221; css=&#8221;.vc_custom_1435737831912{padding-left: 10px !important;}&#8221;][vc_column_text dp_animation=&#8221;&#8221;]Szkolna rada rodzicielska sk\u0142ada si\u0119 z wybranych przedstawicieli klasowych <p><a class=\"readon\" href=\"https:\/\/www.hms-luebeck.de\/pl\/szkola\/rodzice\/\"><span>Mehr lesen<\/span><\/a><\/p><\/p>\n","protected":false},"author":10,"featured_media":0,"parent":9650,"menu_order":0,"comment_status":"closed","ping_status":"closed","template":"template.threequarterwidth.php","meta":{"footnotes":""},"class_list":["post-10459","page","type-page","status-publish","hentry"],"_links":{"self":[{"href":"https:\/\/www.hms-luebeck.de\/pl\/wp-json\/wp\/v2\/pages\/10459","targetHints":{"allow":["GET"]}}],"collection":[{"href":"https:\/\/www.hms-luebeck.de\/pl\/wp-json\/wp\/v2\/pages"}],"about":[{"href":"https:\/\/www.hms-luebeck.de\/pl\/wp-json\/wp\/v2\/types\/page"}],"author":[{"embeddable":true,"href":"https:\/\/www.hms-luebeck.de\/pl\/wp-json\/wp\/v2\/users\/10"}],"replies":[{"embeddable":true,"href":"https:\/\/www.hms-luebeck.de\/pl\/wp-json\/wp\/v2\/comments?post=10459"}],"version-history":[{"count":3,"href":"https:\/\/www.hms-luebeck.de\/pl\/wp-json\/wp\/v2\/pages\/10459\/revisions"}],"predecessor-version":[{"id":10886,"href":"https:\/\/www.hms-luebeck.de\/pl\/wp-json\/wp\/v2\/pages\/10459\/revisions\/10886"}],"up":[{"embeddable":true,"href":"https:\/\/www.hms-luebeck.de\/pl\/wp-json\/wp\/v2\/pages\/9650"}],"wp:attachment":[{"href":"https:\/\/www.hms-luebeck.de\/pl\/wp-json\/wp\/v2\/media?parent=10459"}],"curies":[{"name":"wp","href":"https:\/\/api.w.org\/{rel}","templated":true}]}}