{"id":10414,"date":"2021-08-02T16:44:36","date_gmt":"2021-08-02T14:44:36","guid":{"rendered":"https:\/\/www.hms-luebeck.de\/?page_id=10414"},"modified":"2021-08-03T14:39:44","modified_gmt":"2021-08-03T12:39:44","slug":"nauczyciele","status":"publish","type":"page","link":"https:\/\/www.hms-luebeck.de\/pl\/szkola\/nauczyciele\/","title":{"rendered":"Nauczyciele"},"content":{"rendered":"<div class=\"wpb-content-wrapper\"><p>[vc_row type=&#8221;grid&#8221; video_bg=&#8221;&#8221;][vc_column dp_animation=&#8221;&#8221;]<div class=\"headline  \"><h3><span>Nauczyciele<\/span><\/h3><\/div>[vc_column_text dp_animation=&#8221;&#8221;]Nasze grono nauczycielskie liczy przeci\u0119tnie 42 osoby i jest stosunkowo m\u0142ode. \u015arednia jego wieku to 43 lat, co sprawia \u017ce nauczyciele s\u0105 dynamiczni, zaanga\u017cowani i rzutcy.<\/p>\n<p>Pracujemy w zespo\u0142ach, obejmuj\u0105cych r\u00f3wnoleg\u0142e klasy i naradzamy si\u0119 w kr\u00f3tkich, regularnych odst\u0119pach czasowych oraz robimy wszystko, \u017ceby wyr\u00f3wna\u0107 szanse uczni\u00f3w.[\/vc_column_text][\/vc_column][\/vc_row][vc_row type=&#8221;grid&#8221; video_bg=&#8221;&#8221;][vc_column dp_animation=&#8221;&#8221;][vc_column_text dp_animation=&#8221;&#8221;]<\/p>\n<table border=\"0\" width=\"100%\" cellspacing=\"2\" cellpadding=\"2\">\n<tbody>\n<tr>\n<td valign=\"top\"><strong>Name<\/strong><\/td>\n<td valign=\"top\"><strong>Arbeitsbereich<\/strong><\/td>\n<td valign=\"top\"><strong>Unterrichtsf\u00e4cher<\/strong><\/td>\n<\/tr>\n<tr>\n<td valign=\"top\">Frau Anusic<\/td>\n<td valign=\"top\">DaZ-Zentrum<\/td>\n<td valign=\"top\">Deutsch als Zweitsprache, Englisch, Informatik<\/td>\n<\/tr>\n<tr>\n<td valign=\"top\">Frau Yildirim<\/td>\n<td valign=\"top\">Grundschule<\/td>\n<td valign=\"top\"><\/td>\n<\/tr>\n<tr>\n<td valign=\"top\">Frau Brinkmann<\/td>\n<td valign=\"top\">DaZ-Zentrum<\/td>\n<td valign=\"top\">Deutsch, Deutsch als Zweitsprache, Biologie<\/td>\n<\/tr>\n<tr>\n<td valign=\"top\">Herr Butzin<\/td>\n<td valign=\"top\">Schulleitung<\/td>\n<td valign=\"top\">Deutsch als Zweitsprache, Wirtschaft\/Politik<\/td>\n<\/tr>\n<tr>\n<td valign=\"top\">Frau Dennert<\/td>\n<td valign=\"top\">Gemeinschaftsschule<\/td>\n<td valign=\"top\">Mathematik, Biologie, Physik<\/td>\n<\/tr>\n<tr>\n<td valign=\"top\">Frau Dr\u00fcnert<\/td>\n<td valign=\"top\">Gemeinschaftsschule<\/td>\n<td valign=\"top\">Mathematik, Englisch<\/td>\n<\/tr>\n<tr>\n<td valign=\"top\">Frau Eckhard<\/td>\n<td valign=\"top\">Gemeinschaftsschule<\/td>\n<td valign=\"top\">Deutsch, Englisch<\/td>\n<\/tr>\n<tr>\n<td valign=\"top\">Frau Ehrenforth<\/td>\n<td valign=\"top\">Gemeinschaftsschule<\/td>\n<td valign=\"top\">Mathematik, Verbraucherbildung<\/td>\n<\/tr>\n<tr>\n<td valign=\"top\">Frau Eichler<\/td>\n<td valign=\"top\">DaZ-Zentrum<\/td>\n<td valign=\"top\">Mathematik, Franz\u00f6sisch<\/td>\n<\/tr>\n<tr>\n<td valign=\"top\">Frau Friedrichsen<\/td>\n<td valign=\"top\">Gemeinschaftsschule<\/td>\n<td valign=\"top\">Franz\u00f6sisch, Musik<\/td>\n<\/tr>\n<tr>\n<td valign=\"top\">Frau Grammerstorf<\/td>\n<td valign=\"top\">DaZ-Zentrum<\/td>\n<td valign=\"top\">Deutsch, Deutsch als Zweitsprache<\/td>\n<\/tr>\n<tr>\n<td valign=\"top\">Herr Gr\u00fcnwald<\/td>\n<td valign=\"top\">Grundschule<\/td>\n<td valign=\"top\">Mathematik, Kunst, Musik<\/td>\n<\/tr>\n<tr>\n<td valign=\"top\">Frau G\u00fcnther<\/td>\n<td valign=\"top\">DaZ-Zentrum<\/td>\n<td valign=\"top\">Deutsch, Englisch<\/td>\n<\/tr>\n<tr>\n<td valign=\"top\">Frau Haar<\/td>\n<td valign=\"top\">Gemeinschaftsschule<\/td>\n<td valign=\"top\">Deutsch, Biologie, Sport<\/td>\n<\/tr>\n<tr>\n<td valign=\"top\">Herr Hake-Evers<\/td>\n<td valign=\"top\">Grundschule<\/td>\n<td valign=\"top\">Deutsch, Sport, Technik<\/td>\n<\/tr>\n<tr>\n<td valign=\"top\">Frau Harksen<\/td>\n<td valign=\"top\">Grundschule<\/td>\n<td valign=\"top\">Mathematik, HWSU, Musik<\/td>\n<\/tr>\n<tr>\n<td valign=\"top\">Frau Henke<\/td>\n<td valign=\"top\">Gemeinschaftsschule<\/td>\n<td valign=\"top\">Englisch, Weltkunde<\/td>\n<\/tr>\n<tr>\n<td valign=\"top\">Frau Herden<\/td>\n<td valign=\"top\">Gemeinschaftsschule<\/td>\n<td valign=\"top\">Sonderp\u00e4dagogik<\/td>\n<\/tr>\n<tr>\n<td valign=\"top\">Herr Hesse<\/td>\n<td valign=\"top\">Gemeinschaftsschule<\/td>\n<td valign=\"top\">Deutsch, Weltkunde<\/td>\n<\/tr>\n<tr>\n<td valign=\"top\">Frau Hinz<\/td>\n<td valign=\"top\">Gemeinschaftsschule<\/td>\n<td valign=\"top\">Deutsch, Textillehre<\/td>\n<\/tr>\n<tr>\n<td valign=\"top\">Frau Holzer<\/td>\n<td valign=\"top\">Gemeinschaftsschule<\/td>\n<td valign=\"top\">Mathematik, Naturwissenschaften, Physik<\/td>\n<\/tr>\n<tr>\n<td valign=\"top\">Frau Kranz<\/td>\n<td valign=\"top\">Grundschule<\/td>\n<td valign=\"top\">Deutsch, Englisch<\/td>\n<\/tr>\n<tr>\n<td valign=\"top\">Frau Krepinsky<\/td>\n<td valign=\"top\">Gemeinschaftsschule<\/td>\n<td valign=\"top\">Sonderp\u00e4dagogik<\/td>\n<\/tr>\n<tr>\n<td valign=\"top\">Frau K\u00fcssner<\/td>\n<td valign=\"top\">Gemeinschaftsschule<\/td>\n<td valign=\"top\">Mathematik, Sport, Schwimmen<\/td>\n<\/tr>\n<tr>\n<td valign=\"top\">Frau Leible<\/td>\n<td valign=\"top\">Grundschule<\/td>\n<td valign=\"top\">Mathematik, Evangelische Religion<\/td>\n<\/tr>\n<tr>\n<td valign=\"top\">Frau Linzh\u00f6ft<\/td>\n<td valign=\"top\">Grundschule<\/td>\n<td valign=\"top\">Deutsch, HWSU, Kunst<\/td>\n<\/tr>\n<tr>\n<td valign=\"top\">Frau Lorenz<\/td>\n<td valign=\"top\">Grundschule<\/td>\n<td valign=\"top\">Sonderp\u00e4dagogik<\/td>\n<\/tr>\n<tr>\n<td valign=\"top\">Frau Nova<\/td>\n<td valign=\"top\">DaZ-Zentrum<\/td>\n<td valign=\"top\">Mathematik, HWSU<\/td>\n<\/tr>\n<tr>\n<td valign=\"top\">Herr Pagel<\/td>\n<td valign=\"top\">Flex-Klassen<\/td>\n<td valign=\"top\">Mathematik, HWSU<\/td>\n<\/tr>\n<tr>\n<td valign=\"top\">Herr Ramthun<\/td>\n<td valign=\"top\">Gemeinschaftsschule<\/td>\n<td valign=\"top\"><\/td>\n<\/tr>\n<tr>\n<td valign=\"top\"><\/td>\n<td valign=\"top\"><\/td>\n<td valign=\"top\">Deutsch als Zweitsprache, Englisch<\/td>\n<\/tr>\n<tr>\n<td valign=\"top\"><\/td>\n<td valign=\"top\"><\/td>\n<td valign=\"top\">Deutsch, Biologie, Wirtschaft\/Politik<\/td>\n<\/tr>\n<tr>\n<td valign=\"top\"><\/td>\n<td valign=\"top\">Gemeinschaftsschule<\/td>\n<td valign=\"top\">Sonderp\u00e4dagogik<\/td>\n<\/tr>\n<tr>\n<td valign=\"top\">Frau R\u00f6ge<\/td>\n<td valign=\"top\">Grundschule<\/td>\n<td valign=\"top\">Deutsch, HWSU<\/td>\n<\/tr>\n<tr>\n<td valign=\"top\">Herr R\u00fcegg<\/td>\n<td valign=\"top\">Gemeinschaftsschule<\/td>\n<td valign=\"top\">Mathematik, Chemie, Informatik<\/td>\n<\/tr>\n<tr>\n<td valign=\"top\">Frau Saiber-Kummerow<\/td>\n<td valign=\"top\">Grund- und Gemeinschaftsschule<\/td>\n<td valign=\"top\">Katholische Religion, Deutsch als Zweitsprache<\/td>\n<\/tr>\n<tr>\n<td valign=\"top\">Frau Schoeneich<\/td>\n<td valign=\"top\">Grundschule<\/td>\n<td valign=\"top\">Sport<\/td>\n<\/tr>\n<tr>\n<td valign=\"top\">Frau Speckman<\/td>\n<td valign=\"top\">Grundschule<\/td>\n<td valign=\"top\">Deutsch, Sport<\/td>\n<\/tr>\n<tr>\n<td valign=\"top\">Herr Stawikowski<\/td>\n<td valign=\"top\">Gemeinschaftsschule<\/td>\n<td valign=\"top\">Deutsch, Weltkunde, Schwimmen<\/td>\n<\/tr>\n<tr>\n<td valign=\"top\">Herr Stein<\/td>\n<td valign=\"top\">Gemeinschaftsschule<\/td>\n<td valign=\"top\">Deutsch, Sport<\/td>\n<\/tr>\n<tr>\n<td valign=\"top\">Herr Storbeck<\/td>\n<td valign=\"top\">Schulleitung<\/td>\n<td valign=\"top\">Mathematik, Informatik<\/td>\n<\/tr>\n<tr>\n<td valign=\"top\">Frau Vogel<\/td>\n<td valign=\"top\">Gemeinschaftsschule<\/td>\n<td valign=\"top\">Deutsch, Englisch, Kunst<\/td>\n<\/tr>\n<tr>\n<td valign=\"top\">Frau Vogler<\/td>\n<td valign=\"top\">Gemeinschaftsschule<\/td>\n<td valign=\"top\">Deutsch, Englisch, Deutsch als Zweitsprache<\/td>\n<\/tr>\n<tr>\n<td valign=\"top\">Frau Vollmer-Klinke<\/td>\n<td valign=\"top\">DaZ-Zentrum<\/td>\n<td valign=\"top\">Mathematik, HWSU<\/td>\n<\/tr>\n<tr>\n<td valign=\"top\">Frau Walther<\/td>\n<td valign=\"top\">Grundschule<\/td>\n<td valign=\"top\"><\/td>\n<\/tr>\n<tr>\n<td valign=\"top\">Frau Wollburg<\/td>\n<td valign=\"top\">Gemeinschaftsschule<\/td>\n<td valign=\"top\">Deutsch, HWSU, Technik<\/td>\n<\/tr>\n<tr>\n<td valign=\"top\">Frau Zenner-Mack<\/td>\n<td valign=\"top\">Grundschule<\/td>\n<td valign=\"top\">Sonderp\u00e4dagogik<\/td>\n<\/tr>\n<\/tbody>\n<\/table>\n<p>[\/vc_column_text][\/vc_column][\/vc_row]<\/p>\n<\/div>","protected":false},"excerpt":{"rendered":"<p>[vc_row type=&#8221;grid&#8221; video_bg=&#8221;&#8221;][vc_column dp_animation=&#8221;&#8221;][vc_column_text dp_animation=&#8221;&#8221;]Nasze grono nauczycielskie liczy przeci\u0119tnie 42 osoby i jest stosunkowo m\u0142ode. \u015arednia jego wieku to 43 lat, co sprawia \u017ce nauczyciele <p><a class=\"readon\" href=\"https:\/\/www.hms-luebeck.de\/pl\/szkola\/nauczyciele\/\"><span>Mehr lesen<\/span><\/a><\/p><\/p>\n","protected":false},"author":10,"featured_media":0,"parent":9650,"menu_order":0,"comment_status":"closed","ping_status":"closed","template":"","meta":{"footnotes":""},"class_list":["post-10414","page","type-page","status-publish","hentry"],"_links":{"self":[{"href":"https:\/\/www.hms-luebeck.de\/pl\/wp-json\/wp\/v2\/pages\/10414","targetHints":{"allow":["GET"]}}],"collection":[{"href":"https:\/\/www.hms-luebeck.de\/pl\/wp-json\/wp\/v2\/pages"}],"about":[{"href":"https:\/\/www.hms-luebeck.de\/pl\/wp-json\/wp\/v2\/types\/page"}],"author":[{"embeddable":true,"href":"https:\/\/www.hms-luebeck.de\/pl\/wp-json\/wp\/v2\/users\/10"}],"replies":[{"embeddable":true,"href":"https:\/\/www.hms-luebeck.de\/pl\/wp-json\/wp\/v2\/comments?post=10414"}],"version-history":[{"count":4,"href":"https:\/\/www.hms-luebeck.de\/pl\/wp-json\/wp\/v2\/pages\/10414\/revisions"}],"predecessor-version":[{"id":10863,"href":"https:\/\/www.hms-luebeck.de\/pl\/wp-json\/wp\/v2\/pages\/10414\/revisions\/10863"}],"up":[{"embeddable":true,"href":"https:\/\/www.hms-luebeck.de\/pl\/wp-json\/wp\/v2\/pages\/9650"}],"wp:attachment":[{"href":"https:\/\/www.hms-luebeck.de\/pl\/wp-json\/wp\/v2\/media?parent=10414"}],"curies":[{"name":"wp","href":"https:\/\/api.w.org\/{rel}","templated":true}]}}