{"id":10305,"date":"2021-08-02T16:26:58","date_gmt":"2021-08-02T14:26:58","guid":{"rendered":"https:\/\/www.hms-luebeck.de\/?page_id=10305"},"modified":"2021-08-04T15:22:12","modified_gmt":"2021-08-04T13:22:12","slug":"alfabet-internetowy","status":"publish","type":"page","link":"https:\/\/www.hms-luebeck.de\/pl\/szkola-podstawowa\/alfabet-internetowy\/","title":{"rendered":"Alfabet internetowy"},"content":{"rendered":"<div class=\"wpb-content-wrapper\"><p>[vc_row type=&#8221;grid&#8221; video_bg=&#8221;&#8221;][vc_column dp_animation=&#8221;&#8221;]<div class=\"headline  \"><h3><span>Internetowe ABC<\/span><\/h3><\/div>[vc_column_text dp_animation=&#8221;&#8221;]\u201eInternetowe ABC\u201d to przyjemna i bezpieczna oferta wprowadzenia dzieci w \u015bwiat Internetu. Stanowi konkretn\u0105 pomoc i jest \u017ar\u00f3d\u0142em informacji dotycz\u0105cych bezpiecznego poruszania si\u0119 w sieci. Ta pozbawiona reklam platforma z obja\u015bnieniami i poradami skierowana jest do dzieci w wieku od pi\u0119ciu do dwunastu lat, rodzic\u00f3w oraz nauczycieli.<\/p>\n<p>Za projektem stoi organizacja po\u017cytku publicznego \u201eInternet-ABC\u201d, kt\u00f3rej cz\u0142onkami s\u0105 wszystkie <a href=\"https:\/\/www.internet-abc.de\/lehrkraefte\/internet-abc-schule\/\">krajowe urz\u0119dy do spraw medi\u00f3w <\/a>w Niemczech. G\u0142\u00f3wny cel organizacji<\/p>\n<p>to wspieranie dzieci i doros\u0142ych przy nabywaniu i przekazywaniu kompetencji internetowej.<\/p>\n<p>Projekty platformy Internetowe ABC realizowane s\u0105 przez organizacj\u0119 po\u017cytku publicznego \u201eInternet-ABC\u201d we wsp\u00f3\u0142pracy z Grimme-Institut w Marl.[\/vc_column_text]<div style=\"height:40px; width:100%;clear:both\"><\/div>[vc_single_image image=&#8221;9428&#8243; img_size=&#8221;medium&#8221; onclick=&#8221;custom_link&#8221; img_link_target=&#8221;_blank&#8221; dp_animation=&#8221;&#8221; link=&#8221;https:\/\/www.internet-abc.de\/lehrkraefte\/internet-abc-schule\/&#8221;][\/vc_column][\/vc_row]<\/p>\n<\/div>","protected":false},"excerpt":{"rendered":"<p>[vc_row type=&#8221;grid&#8221; video_bg=&#8221;&#8221;][vc_column dp_animation=&#8221;&#8221;][vc_column_text dp_animation=&#8221;&#8221;]\u201eInternetowe ABC\u201d to przyjemna i bezpieczna oferta wprowadzenia dzieci w \u015bwiat Internetu. Stanowi konkretn\u0105 pomoc i jest \u017ar\u00f3d\u0142em informacji dotycz\u0105cych bezpiecznego <p><a class=\"readon\" href=\"https:\/\/www.hms-luebeck.de\/pl\/szkola-podstawowa\/alfabet-internetowy\/\"><span>Mehr lesen<\/span><\/a><\/p><\/p>\n","protected":false},"author":10,"featured_media":9623,"parent":9602,"menu_order":0,"comment_status":"closed","ping_status":"closed","template":"template.threequarterwidth.php","meta":{"footnotes":""},"class_list":["post-10305","page","type-page","status-publish","has-post-thumbnail","hentry"],"_links":{"self":[{"href":"https:\/\/www.hms-luebeck.de\/pl\/wp-json\/wp\/v2\/pages\/10305","targetHints":{"allow":["GET"]}}],"collection":[{"href":"https:\/\/www.hms-luebeck.de\/pl\/wp-json\/wp\/v2\/pages"}],"about":[{"href":"https:\/\/www.hms-luebeck.de\/pl\/wp-json\/wp\/v2\/types\/page"}],"author":[{"embeddable":true,"href":"https:\/\/www.hms-luebeck.de\/pl\/wp-json\/wp\/v2\/users\/10"}],"replies":[{"embeddable":true,"href":"https:\/\/www.hms-luebeck.de\/pl\/wp-json\/wp\/v2\/comments?post=10305"}],"version-history":[{"count":3,"href":"https:\/\/www.hms-luebeck.de\/pl\/wp-json\/wp\/v2\/pages\/10305\/revisions"}],"predecessor-version":[{"id":10940,"href":"https:\/\/www.hms-luebeck.de\/pl\/wp-json\/wp\/v2\/pages\/10305\/revisions\/10940"}],"up":[{"embeddable":true,"href":"https:\/\/www.hms-luebeck.de\/pl\/wp-json\/wp\/v2\/pages\/9602"}],"wp:featuredmedia":[{"embeddable":true,"href":"https:\/\/www.hms-luebeck.de\/pl\/wp-json\/wp\/v2\/media\/9623"}],"wp:attachment":[{"href":"https:\/\/www.hms-luebeck.de\/pl\/wp-json\/wp\/v2\/media?parent=10305"}],"curies":[{"name":"wp","href":"https:\/\/api.w.org\/{rel}","templated":true}]}}