{"id":10296,"date":"2021-08-02T16:26:18","date_gmt":"2021-08-02T14:26:18","guid":{"rendered":"https:\/\/www.hms-luebeck.de\/?page_id=10296"},"modified":"2021-08-04T15:27:30","modified_gmt":"2021-08-04T13:27:30","slug":"integracja","status":"publish","type":"page","link":"https:\/\/www.hms-luebeck.de\/pl\/szkola-podstawowa\/integracja\/","title":{"rendered":"Integracja"},"content":{"rendered":"<div class=\"wpb-content-wrapper\"><p>[vc_row type=&#8221;grid&#8221; video_bg=&#8221;&#8221;][vc_column dp_animation=&#8221;&#8221;]<div class=\"headline  \"><h3><span>Integracja<\/span><\/h3><\/div>[vc_column_text dp_animation=&#8221;&#8221;]Nauczanie integracyjne jest w kraju zwi\u0105zkowym Szlezwik-Holsztyn wymagane przez prawodawc\u0119. Oznacza to, \u017ce uczniowie wymagaj\u0105cy wsparcia z zakresu pedagogiki specjalnej s\u0105 nauczani w zwyk\u0142ych klasach. W tym celu danym dzieciom pomagaj\u0105 pedagodzy specjalni. Centrum wsparcia dla dzieci ze specjalnymi potrzebami znajduje si\u0119 w po\u0142o\u017conej tu\u017c obok nas szkole Astrid-Lindgren-Schule, co zapewnia prost\u0105 i wydajn\u0105 organizacj\u0119 nauczania.[\/vc_column_text][\/vc_column][\/vc_row]<\/p>\n<\/div>","protected":false},"excerpt":{"rendered":"<p>[vc_row type=&#8221;grid&#8221; video_bg=&#8221;&#8221;][vc_column dp_animation=&#8221;&#8221;][vc_column_text dp_animation=&#8221;&#8221;]Nauczanie integracyjne jest w kraju zwi\u0105zkowym Szlezwik-Holsztyn wymagane przez prawodawc\u0119. Oznacza to, \u017ce uczniowie wymagaj\u0105cy wsparcia z zakresu pedagogiki specjalnej s\u0105 <p><a class=\"readon\" href=\"https:\/\/www.hms-luebeck.de\/pl\/szkola-podstawowa\/integracja\/\"><span>Mehr lesen<\/span><\/a><\/p><\/p>\n","protected":false},"author":10,"featured_media":9623,"parent":9602,"menu_order":0,"comment_status":"closed","ping_status":"closed","template":"template.threequarterwidth.php","meta":{"footnotes":""},"class_list":["post-10296","page","type-page","status-publish","has-post-thumbnail","hentry"],"_links":{"self":[{"href":"https:\/\/www.hms-luebeck.de\/pl\/wp-json\/wp\/v2\/pages\/10296","targetHints":{"allow":["GET"]}}],"collection":[{"href":"https:\/\/www.hms-luebeck.de\/pl\/wp-json\/wp\/v2\/pages"}],"about":[{"href":"https:\/\/www.hms-luebeck.de\/pl\/wp-json\/wp\/v2\/types\/page"}],"author":[{"embeddable":true,"href":"https:\/\/www.hms-luebeck.de\/pl\/wp-json\/wp\/v2\/users\/10"}],"replies":[{"embeddable":true,"href":"https:\/\/www.hms-luebeck.de\/pl\/wp-json\/wp\/v2\/comments?post=10296"}],"version-history":[{"count":3,"href":"https:\/\/www.hms-luebeck.de\/pl\/wp-json\/wp\/v2\/pages\/10296\/revisions"}],"predecessor-version":[{"id":10944,"href":"https:\/\/www.hms-luebeck.de\/pl\/wp-json\/wp\/v2\/pages\/10296\/revisions\/10944"}],"up":[{"embeddable":true,"href":"https:\/\/www.hms-luebeck.de\/pl\/wp-json\/wp\/v2\/pages\/9602"}],"wp:featuredmedia":[{"embeddable":true,"href":"https:\/\/www.hms-luebeck.de\/pl\/wp-json\/wp\/v2\/media\/9623"}],"wp:attachment":[{"href":"https:\/\/www.hms-luebeck.de\/pl\/wp-json\/wp\/v2\/media?parent=10296"}],"curies":[{"name":"wp","href":"https:\/\/api.w.org\/{rel}","templated":true}]}}