{"id":10278,"date":"2021-08-02T16:23:43","date_gmt":"2021-08-02T14:23:43","guid":{"rendered":"https:\/\/www.hms-luebeck.de\/?page_id=10278"},"modified":"2021-08-04T15:08:38","modified_gmt":"2021-08-04T13:08:38","slug":"druzyna","status":"publish","type":"page","link":"https:\/\/www.hms-luebeck.de\/pl\/szkola-podstawowa\/druzyna\/","title":{"rendered":"Dru\u017cyna"},"content":{"rendered":"<div class=\"wpb-content-wrapper\"><p>[vc_row type=&#8221;grid&#8221; video_bg=&#8221;&#8221;][vc_column dp_animation=&#8221;&#8221;]<div class=\"headline  \"><h3><span>Zesp\u00f3\u0142<\/span><\/h3><\/div>[vc_column_text dp_animation=&#8221;&#8221;]W sk\u0142ad sta\u0142ej kadry nauczycielskiej szko\u0142y podstawowej wchodzi 13 os\u00f3b.<\/p>\n<p>Do nich dochodz\u0105 jeszcze nauczyciele, prowadz\u0105cy np. lekcje muzyki, plastyki lub lekcje wiedzy o \u015bwiecie.<\/p>\n<p>Nauczyciele organizuj\u0105 si\u0119 w zespo\u0142y rocznikowe. Regularne konsultacje s\u0105 u nas czym\u015b oczywistym. Do tego dochodz\u0105 cztery oddzielne konferencje na rok szkolny, po\u015bwi\u0119cone omawianiu wszystkich spraw dotycz\u0105cych nauki w szkole podstawowej oraz podejmowaniu odpowiednich decyzji.[\/vc_column_text][\/vc_column][\/vc_row]<\/p>\n<\/div>","protected":false},"excerpt":{"rendered":"<p>[vc_row type=&#8221;grid&#8221; video_bg=&#8221;&#8221;][vc_column dp_animation=&#8221;&#8221;][vc_column_text dp_animation=&#8221;&#8221;]W sk\u0142ad sta\u0142ej kadry nauczycielskiej szko\u0142y podstawowej wchodzi 13 os\u00f3b. Do nich dochodz\u0105 jeszcze nauczyciele, prowadz\u0105cy np. lekcje muzyki, plastyki lub <p><a class=\"readon\" href=\"https:\/\/www.hms-luebeck.de\/pl\/szkola-podstawowa\/druzyna\/\"><span>Mehr lesen<\/span><\/a><\/p><\/p>\n","protected":false},"author":10,"featured_media":9623,"parent":9602,"menu_order":0,"comment_status":"closed","ping_status":"closed","template":"template.threequarterwidth.php","meta":{"footnotes":""},"class_list":["post-10278","page","type-page","status-publish","has-post-thumbnail","hentry"],"_links":{"self":[{"href":"https:\/\/www.hms-luebeck.de\/pl\/wp-json\/wp\/v2\/pages\/10278","targetHints":{"allow":["GET"]}}],"collection":[{"href":"https:\/\/www.hms-luebeck.de\/pl\/wp-json\/wp\/v2\/pages"}],"about":[{"href":"https:\/\/www.hms-luebeck.de\/pl\/wp-json\/wp\/v2\/types\/page"}],"author":[{"embeddable":true,"href":"https:\/\/www.hms-luebeck.de\/pl\/wp-json\/wp\/v2\/users\/10"}],"replies":[{"embeddable":true,"href":"https:\/\/www.hms-luebeck.de\/pl\/wp-json\/wp\/v2\/comments?post=10278"}],"version-history":[{"count":3,"href":"https:\/\/www.hms-luebeck.de\/pl\/wp-json\/wp\/v2\/pages\/10278\/revisions"}],"predecessor-version":[{"id":10926,"href":"https:\/\/www.hms-luebeck.de\/pl\/wp-json\/wp\/v2\/pages\/10278\/revisions\/10926"}],"up":[{"embeddable":true,"href":"https:\/\/www.hms-luebeck.de\/pl\/wp-json\/wp\/v2\/pages\/9602"}],"wp:featuredmedia":[{"embeddable":true,"href":"https:\/\/www.hms-luebeck.de\/pl\/wp-json\/wp\/v2\/media\/9623"}],"wp:attachment":[{"href":"https:\/\/www.hms-luebeck.de\/pl\/wp-json\/wp\/v2\/media?parent=10278"}],"curies":[{"name":"wp","href":"https:\/\/api.w.org\/{rel}","templated":true}]}}