{"id":10265,"date":"2021-08-02T16:22:15","date_gmt":"2021-08-02T14:22:15","guid":{"rendered":"https:\/\/www.hms-luebeck.de\/?page_id=10265"},"modified":"2021-08-04T15:49:38","modified_gmt":"2021-08-04T13:49:38","slug":"przydatna-informacja","status":"publish","type":"page","link":"https:\/\/www.hms-luebeck.de\/pl\/szkola-srednia\/przydatna-informacja\/","title":{"rendered":"przydatna informacja"},"content":{"rendered":"<div class=\"wpb-content-wrapper\"><p>[vc_row type=&#8221;grid&#8221; video_bg=&#8221;&#8221;][vc_column dp_animation=&#8221;&#8221;]<div class=\"headline  \"><h3><span>Po\u017cyteczne informacje dotycz\u0105ce naszej szko\u0142y ponadpodstawowej<\/span><\/h3><\/div>[vc_column_text dp_animation=&#8221;&#8221;]Nasza szko\u0142a ponadpodstawowa ma dwa\/trzy profile. Dzi\u0119ki przeci\u0119tnej liczbie 24 uczni\u00f3w w klasie nasza szko\u0142a ponadpodstawowa charakteryzuje si\u0119 kameralno\u015bci\u0105. Stosunek nauczycieli i uczni\u00f3w cechuje zaufanie. Wszyscy si\u0119 znaj\u0105. Elementem wyr\u00f3\u017cniaj\u0105cym nasz\u0105 szko\u0142\u0119 ponadpodstawow\u0105 jest nasza klasa elastyczna.<\/p>\n<p>Po\u017cyteczne informacje w skr\u00f3cie<\/p>\n<ul>\n<li>Zespo\u0142y nauczycielskie w pi\u0105tych klasach do wprowadzenia i szeroko zakrojonej opieki nad \u201enowymi\u201d<\/li>\n<li>Trening socjalny i zawodowy w pierwszym p\u00f3\u0142roczu pi\u0105tych klas<\/li>\n<li>Wycieczka zapoznawcza w drugim p\u00f3\u0142roczu pi\u0105tych klas<\/li>\n<li>Multiprofesjonalne zespo\u0142y rocznikowe<\/li>\n<li>Dwie praktyki zawodowe w szkole ponadpodstawowej<\/li>\n<li>Jeden tydzie\u0144 przedsi\u0119wzi\u0119\u0107 na rok szkolny<\/li>\n<li>Obowi\u0105zkowo wybierane kursy od 7. klasy<\/li>\n<li>Otwarta opieka nad uczniami (mo\u017cliwo\u015b\u0107 wzi\u0119cia udzia\u0142u w warsztatach)<\/li>\n<li>Szko\u0142a cyfrowa<\/li>\n<li>WiFi we wszystkich klasach i pracowniach<\/li>\n<li>80 tablet\u00f3w<\/li>\n<li>100 laptop\u00f3w<\/li>\n<li>Uzyskanie pierwszego \u015bwiadectwa uko\u0144czenia szko\u0142y og\u00f3lnokszta\u0142c\u0105cej (nazwa niemiecka: <strong>E<\/strong>rster allgemeinbildender <strong>S<\/strong>chul &#8211; <strong>A<\/strong>bschluss; w skr\u00f3cie: ESA)<\/li>\n<li>Uzyskanie \u015bwiadectwa uko\u0144czenia szko\u0142y \u015bredniej (nazwa niemiecka: <strong>M<\/strong>ittlerer <strong>S<\/strong>chul &#8211; <strong>A<\/strong>bschluss; w skr\u00f3cie MSA)<\/li>\n<li>Umowa wsp\u00f3\u0142pracy ze szko\u0142\u0105 Baltic-Schule, dot. przyj\u0119cia uczni\u00f3w do wy\u017cszych klas licealnych w celu zdobycia \u015bwiadectwa maturalnego (po uprzednim uzyskaniu MSA).<\/li>\n<\/ul>\n<p>[\/vc_column_text][\/vc_column][\/vc_row]<\/p>\n<\/div>","protected":false},"excerpt":{"rendered":"<p>[vc_row type=&#8221;grid&#8221; video_bg=&#8221;&#8221;][vc_column dp_animation=&#8221;&#8221;][vc_column_text dp_animation=&#8221;&#8221;]Nasza szko\u0142a ponadpodstawowa ma dwa\/trzy profile. Dzi\u0119ki przeci\u0119tnej liczbie 24 uczni\u00f3w w klasie nasza szko\u0142a ponadpodstawowa charakteryzuje si\u0119 kameralno\u015bci\u0105. Stosunek nauczycieli <p><a class=\"readon\" href=\"https:\/\/www.hms-luebeck.de\/pl\/szkola-srednia\/przydatna-informacja\/\"><span>Mehr lesen<\/span><\/a><\/p><\/p>\n","protected":false},"author":10,"featured_media":10209,"parent":9668,"menu_order":0,"comment_status":"closed","ping_status":"closed","template":"template.threequarterwidth.php","meta":{"footnotes":""},"class_list":["post-10265","page","type-page","status-publish","has-post-thumbnail","hentry"],"_links":{"self":[{"href":"https:\/\/www.hms-luebeck.de\/pl\/wp-json\/wp\/v2\/pages\/10265","targetHints":{"allow":["GET"]}}],"collection":[{"href":"https:\/\/www.hms-luebeck.de\/pl\/wp-json\/wp\/v2\/pages"}],"about":[{"href":"https:\/\/www.hms-luebeck.de\/pl\/wp-json\/wp\/v2\/types\/page"}],"author":[{"embeddable":true,"href":"https:\/\/www.hms-luebeck.de\/pl\/wp-json\/wp\/v2\/users\/10"}],"replies":[{"embeddable":true,"href":"https:\/\/www.hms-luebeck.de\/pl\/wp-json\/wp\/v2\/comments?post=10265"}],"version-history":[{"count":3,"href":"https:\/\/www.hms-luebeck.de\/pl\/wp-json\/wp\/v2\/pages\/10265\/revisions"}],"predecessor-version":[{"id":10976,"href":"https:\/\/www.hms-luebeck.de\/pl\/wp-json\/wp\/v2\/pages\/10265\/revisions\/10976"}],"up":[{"embeddable":true,"href":"https:\/\/www.hms-luebeck.de\/pl\/wp-json\/wp\/v2\/pages\/9668"}],"wp:featuredmedia":[{"embeddable":true,"href":"https:\/\/www.hms-luebeck.de\/pl\/wp-json\/wp\/v2\/media\/10209"}],"wp:attachment":[{"href":"https:\/\/www.hms-luebeck.de\/pl\/wp-json\/wp\/v2\/media?parent=10265"}],"curies":[{"name":"wp","href":"https:\/\/api.w.org\/{rel}","templated":true}]}}