{"id":10237,"date":"2021-08-02T16:18:21","date_gmt":"2021-08-02T14:18:21","guid":{"rendered":"https:\/\/www.hms-luebeck.de\/?page_id=10237"},"modified":"2021-08-04T16:06:43","modified_gmt":"2021-08-04T14:06:43","slug":"szkola-cyfrowa","status":"publish","type":"page","link":"https:\/\/www.hms-luebeck.de\/pl\/szkola-srednia\/szkola-cyfrowa\/","title":{"rendered":"szko\u0142a cyfrowa"},"content":{"rendered":"<div class=\"wpb-content-wrapper\"><p>[vc_row type=&#8221;grid&#8221; video_bg=&#8221;&#8221;][vc_column dp_animation=&#8221;&#8221;]<div class=\"headline  \"><h3><span>Szko\u0142a cyfrowa<\/span><\/h3><\/div>[vc_column_text dp_animation=&#8221;&#8221;]Szko\u0142a Heinrich-Mann-Schule jest szko\u0142\u0105 cyfrow\u0105. Uczniowie szko\u0142y ponadpodstawowej kontynuuj\u0105 to, co zacz\u0119li w ramach \u201eInternetowego ABC\u201d w szkole podstawowej.<\/p>\n<p>Uczenie si\u0119 za pomoc\u0105 medi\u00f3w cyfrowych jest u nas czym\u015b oczywistym i uzupe\u0142nia podstawowe umiej\u0119tno\u015bci liczenia, czytania i pisania o prawid\u0142owe obchodzenie si\u0119 z mediami cyfrowymi.<\/p>\n<p>Ma to miejsce w naszym pomieszczeniu z komputerami stacjonarnymi, przy naszych 100 laptopach, 80 tabletach lub na urz\u0105dzeniu przyniesionym przez ucznia. Rozdajemy bony internetowe w zwi\u0105zku z korzystaniem z naszej sieci na urz\u0105dzeniach przyniesionych przez ucznia. Korzystanie z Internetu jest ograniczone czasowo i bezpieczne.<\/p>\n<p>Przekazujemy nast\u0119puj\u0105ce umiej\u0119tno\u015bci:<\/p>\n<ul>\n<li>Korzystanie z oprogramowania edukacyjnego<\/li>\n<li>Edycja tekstu<\/li>\n<li>Arkusz kalkulacyjny<\/li>\n<li>Obr\u00f3bka grafiki<\/li>\n<li>Prezentacje Power Point<\/li>\n<li>Umiej\u0119tne korzystanie z Internetu<\/li>\n<li>Tworzenie i prezentacja w\u0142asnych tre\u015bci lekcyjnych<\/li>\n<\/ul>\n<p>[\/vc_column_text][\/vc_column][\/vc_row]<\/p>\n<\/div>","protected":false},"excerpt":{"rendered":"<p>[vc_row type=&#8221;grid&#8221; video_bg=&#8221;&#8221;][vc_column dp_animation=&#8221;&#8221;][vc_column_text dp_animation=&#8221;&#8221;]Szko\u0142a Heinrich-Mann-Schule jest szko\u0142\u0105 cyfrow\u0105. Uczniowie szko\u0142y ponadpodstawowej kontynuuj\u0105 to, co zacz\u0119li w ramach \u201eInternetowego ABC\u201d w szkole podstawowej. Uczenie si\u0119 <p><a class=\"readon\" href=\"https:\/\/www.hms-luebeck.de\/pl\/szkola-srednia\/szkola-cyfrowa\/\"><span>Mehr lesen<\/span><\/a><\/p><\/p>\n","protected":false},"author":10,"featured_media":10209,"parent":9668,"menu_order":0,"comment_status":"closed","ping_status":"closed","template":"template.threequarterwidth.php","meta":{"footnotes":""},"class_list":["post-10237","page","type-page","status-publish","has-post-thumbnail","hentry"],"_links":{"self":[{"href":"https:\/\/www.hms-luebeck.de\/pl\/wp-json\/wp\/v2\/pages\/10237","targetHints":{"allow":["GET"]}}],"collection":[{"href":"https:\/\/www.hms-luebeck.de\/pl\/wp-json\/wp\/v2\/pages"}],"about":[{"href":"https:\/\/www.hms-luebeck.de\/pl\/wp-json\/wp\/v2\/types\/page"}],"author":[{"embeddable":true,"href":"https:\/\/www.hms-luebeck.de\/pl\/wp-json\/wp\/v2\/users\/10"}],"replies":[{"embeddable":true,"href":"https:\/\/www.hms-luebeck.de\/pl\/wp-json\/wp\/v2\/comments?post=10237"}],"version-history":[{"count":3,"href":"https:\/\/www.hms-luebeck.de\/pl\/wp-json\/wp\/v2\/pages\/10237\/revisions"}],"predecessor-version":[{"id":10987,"href":"https:\/\/www.hms-luebeck.de\/pl\/wp-json\/wp\/v2\/pages\/10237\/revisions\/10987"}],"up":[{"embeddable":true,"href":"https:\/\/www.hms-luebeck.de\/pl\/wp-json\/wp\/v2\/pages\/9668"}],"wp:featuredmedia":[{"embeddable":true,"href":"https:\/\/www.hms-luebeck.de\/pl\/wp-json\/wp\/v2\/media\/10209"}],"wp:attachment":[{"href":"https:\/\/www.hms-luebeck.de\/pl\/wp-json\/wp\/v2\/media?parent=10237"}],"curies":[{"name":"wp","href":"https:\/\/api.w.org\/{rel}","templated":true}]}}