{"id":10206,"date":"2021-08-02T16:16:28","date_gmt":"2021-08-02T14:16:28","guid":{"rendered":"https:\/\/www.hms-luebeck.de\/?page_id=10206"},"modified":"2021-08-04T16:02:31","modified_gmt":"2021-08-04T14:02:31","slug":"koncepcja","status":"publish","type":"page","link":"https:\/\/www.hms-luebeck.de\/pl\/szkola-srednia\/koncepcja\/","title":{"rendered":"Koncepcja"},"content":{"rendered":"<div class=\"wpb-content-wrapper\"><p>[vc_row type=&#8221;grid&#8221; video_bg=&#8221;&#8221;][vc_column dp_animation=&#8221;&#8221;]<div class=\"headline  \"><h3><span>Koncepcja naszej szko\u0142y ponadpodstawowej<\/span><\/h3><\/div>[vc_column_text dp_animation=&#8221;&#8221;]Nasza szko\u0142a ponadpodstawowa jest podzielona na 6 rocznik\u00f3w klasowych (klasy 5-10). Nasze 5. klasy prowadzone s\u0105 przez zespo\u0142y kieruj\u0105ce nimi, wspierane przez asystenta szkolnego i nauczyciela internetowego.<\/p>\n<p>Klasy od 6. do 10. s\u0105 r\u00f3wnie\u017c uczone przez zespo\u0142y dzia\u0142aj\u0105ce wielokierunkowo \u2013<\/p>\n<p>sk\u0142adaj\u0105ce si\u0119 z asystenta szkolnego (do 6. klasy), nauczyciela internetowego i kierownika klasy. Klasy elastyczne wspierane s\u0105 ponadto przez doradc\u0119 ds. orientacji zawodowej.<\/p>\n<p>W klasach 5 i 6 metody przyswojone w szkole podstawowej s\u0105 rozwijane zgodnie z planem metodycznym, dopasowanym do szko\u0142y ponadpodstawowej, co jest dobrym fundamentem dla samodzielnej nauki i pracy oraz dla uzyskania \u015bwiadectwa ESA lub MSA.[\/vc_column_text][vc_column_text dp_animation=&#8221;&#8221;]<\/p>\n<p style=\"text-align: center;\"><strong><u>Mini-Methoden Klasse 5<\/u><\/strong><\/p>\n<table>\n<tbody>\n<tr>\n<td width=\"166\">Baustein<\/td>\n<td width=\"73\">Deutsch<\/td>\n<td style=\"text-align: center;\" width=\"73\">Englisch<\/td>\n<td style=\"text-align: center;\" width=\"73\">Mathematik<\/td>\n<td style=\"text-align: center;\" width=\"73\">Weltkunde<\/td>\n<td style=\"text-align: center;\" width=\"73\">NaWi<\/td>\n<td style=\"text-align: center;\" width=\"73\">Arbeitsstunde<\/td>\n<\/tr>\n<tr>\n<td width=\"166\">Meinen Schulranzen richtig packen.<\/td>\n<td style=\"text-align: center;\" width=\"73\"><\/td>\n<td width=\"73\"><\/td>\n<td width=\"73\"><\/td>\n<td width=\"73\"><\/td>\n<td width=\"73\"><\/td>\n<td style=\"text-align: center;\" width=\"73\">X<\/td>\n<\/tr>\n<tr>\n<td width=\"166\">Meinen Arbeitsplatz gestalten.<\/td>\n<td style=\"text-align: center;\" width=\"73\">X<\/td>\n<td style=\"text-align: center;\" width=\"73\">X<\/td>\n<td style=\"text-align: center;\" width=\"73\">X<\/td>\n<td style=\"text-align: center;\" width=\"73\">X<\/td>\n<td style=\"text-align: center;\" width=\"73\">X<\/td>\n<td width=\"73\"><\/td>\n<\/tr>\n<tr>\n<td width=\"166\">Mein Heft \u00fcbersichtlich f\u00fchren.<\/td>\n<td style=\"text-align: center;\" width=\"73\">X<\/td>\n<td style=\"text-align: center;\" width=\"73\">X<\/td>\n<td style=\"text-align: center;\" width=\"73\">X<\/td>\n<td style=\"text-align: center;\" width=\"73\">X<\/td>\n<td style=\"text-align: center;\" width=\"73\">X<\/td>\n<td width=\"73\"><\/td>\n<\/tr>\n<tr>\n<td width=\"166\">Ein Regelheft anlegen.<\/td>\n<td style=\"text-align: center;\" width=\"73\">X<\/td>\n<td width=\"73\"><\/td>\n<td style=\"text-align: center;\" width=\"73\">X<\/td>\n<td width=\"73\"><\/td>\n<td width=\"73\"><\/td>\n<td width=\"73\"><\/td>\n<\/tr>\n<tr>\n<td width=\"166\">Den Schulplaner sinnvoll nutzen.<\/td>\n<td style=\"text-align: center;\" width=\"73\">X<\/td>\n<td style=\"text-align: center;\" width=\"73\">X<\/td>\n<td style=\"text-align: center;\" width=\"73\">X<\/td>\n<td style=\"text-align: center;\" width=\"73\">X<\/td>\n<td style=\"text-align: center;\" width=\"73\">X<\/td>\n<td width=\"73\"><\/td>\n<\/tr>\n<tr>\n<td width=\"166\">Mit dem W\u00f6rterbuch umgehen.<\/td>\n<td style=\"text-align: center;\" width=\"73\">X<\/td>\n<td style=\"text-align: center;\" width=\"73\">X<\/td>\n<td width=\"73\"><\/td>\n<td width=\"73\"><\/td>\n<td width=\"73\"><\/td>\n<td width=\"73\"><\/td>\n<\/tr>\n<tr>\n<td width=\"166\">Den Vertretungsplan lesen k\u00f6nnen.<\/td>\n<td width=\"73\"><\/td>\n<td width=\"73\"><\/td>\n<td width=\"73\"><\/td>\n<td width=\"73\"><\/td>\n<td width=\"73\"><\/td>\n<td style=\"text-align: center;\" width=\"73\">X<\/td>\n<\/tr>\n<tr>\n<td width=\"166\">Ein Brainstorming anfertigen.<\/td>\n<td style=\"text-align: center;\" width=\"73\">X<\/td>\n<td style=\"text-align: center;\" width=\"73\">X<\/td>\n<td style=\"text-align: center;\" width=\"73\">X<\/td>\n<td style=\"text-align: center;\" width=\"73\">X<\/td>\n<td style=\"text-align: center;\" width=\"73\">X<\/td>\n<td width=\"73\"><\/td>\n<\/tr>\n<tr>\n<td width=\"166\">Ein Vokabelheft f\u00fchren.<\/td>\n<td width=\"73\"><\/td>\n<td style=\"text-align: center;\" width=\"73\">X<\/td>\n<td width=\"73\"><\/td>\n<td width=\"73\"><\/td>\n<td width=\"73\"><\/td>\n<td width=\"73\"><\/td>\n<\/tr>\n<tr>\n<td width=\"166\">Die Uhr lesen.<\/td>\n<td width=\"73\"><\/td>\n<td width=\"73\"><\/td>\n<td width=\"73\"><\/td>\n<td width=\"73\"><\/td>\n<td width=\"73\"><\/td>\n<td style=\"text-align: center;\" width=\"73\">X<\/td>\n<\/tr>\n<tr>\n<td width=\"166\">Wie bearbeite ich ein Arbeitsblatt?<\/td>\n<td width=\"73\"><\/td>\n<td width=\"73\"><\/td>\n<td width=\"73\"><\/td>\n<td width=\"73\"><\/td>\n<td width=\"73\"><\/td>\n<td style=\"text-align: center;\" width=\"73\">X<\/td>\n<\/tr>\n<tr>\n<td width=\"166\">Wie bearbeite ich einen Arbeitsplan\/Wochenplan?<\/td>\n<td width=\"73\"><\/td>\n<td width=\"73\"><\/td>\n<td width=\"73\"><\/td>\n<td width=\"73\"><\/td>\n<td width=\"73\"><\/td>\n<td style=\"text-align: center;\" width=\"73\">X<\/td>\n<\/tr>\n<tr>\n<td width=\"166\">Ich halte die Gespr\u00e4chsregeln ein.<\/td>\n<td style=\"text-align: center;\" width=\"73\">X<\/td>\n<td style=\"text-align: center;\" width=\"73\">X<\/td>\n<td width=\"73\"><\/td>\n<td width=\"73\"><\/td>\n<td width=\"73\"><\/td>\n<td width=\"73\">X<\/td>\n<\/tr>\n<\/tbody>\n<\/table>\n<p>&nbsp;<\/p>\n<p><strong><u>Mini-Methoden Klasse 6<\/u><\/strong><\/p>\n<table>\n<tbody>\n<tr>\n<td width=\"166\">Baustein<\/td>\n<td style=\"text-align: center;\" width=\"73\">Deutsch<\/td>\n<td style=\"text-align: center;\" width=\"73\">Englisch<\/td>\n<td style=\"text-align: center;\" width=\"73\">Mathematik<\/td>\n<td style=\"text-align: center;\" width=\"73\">Weltkunde<\/td>\n<td style=\"text-align: center;\" width=\"73\">NaWi<\/td>\n<td style=\"text-align: center;\" width=\"73\">Arbeitsstunde<\/td>\n<\/tr>\n<tr>\n<td width=\"166\">Meine F\u00e4cher sinnvoll nutzen.<\/td>\n<td width=\"73\"><\/td>\n<td width=\"73\"><\/td>\n<td width=\"73\"><\/td>\n<td width=\"73\"><\/td>\n<td width=\"73\"><\/td>\n<td style=\"text-align: center;\" width=\"73\">X<\/td>\n<\/tr>\n<tr>\n<td width=\"166\">Meine Hausaufgaben gut einteilen.<\/td>\n<td width=\"73\"><\/td>\n<td width=\"73\"><\/td>\n<td width=\"73\"><\/td>\n<td width=\"73\"><\/td>\n<td width=\"73\"><\/td>\n<td style=\"text-align: center;\" width=\"73\">X<\/td>\n<\/tr>\n<tr>\n<td width=\"166\">Eine Klassenarbeit vorbereiten.<\/td>\n<td style=\"text-align: center;\" width=\"73\">X<\/td>\n<td style=\"text-align: center;\" width=\"73\">X<\/td>\n<td style=\"text-align: center;\" width=\"73\">X<\/td>\n<td style=\"text-align: center;\" width=\"73\">X<\/td>\n<td style=\"text-align: center;\" width=\"73\">X<\/td>\n<td width=\"73\"><\/td>\n<\/tr>\n<tr>\n<td width=\"166\">Arbeitsweise w\u00e4hrend einer Klassenarbeit.<\/td>\n<td width=\"73\"><\/td>\n<td width=\"73\"><\/td>\n<td width=\"73\"><\/td>\n<td width=\"73\"><\/td>\n<td width=\"73\"><\/td>\n<td style=\"text-align: center;\" width=\"73\">X<\/td>\n<\/tr>\n<tr>\n<td width=\"166\">Ein Mind-map erstellen.<\/td>\n<td style=\"text-align: center;\" width=\"73\">X<\/td>\n<td style=\"text-align: center;\" width=\"73\">X<\/td>\n<td style=\"text-align: center;\" width=\"73\">X<\/td>\n<td style=\"text-align: center;\" width=\"73\">X<\/td>\n<td style=\"text-align: center;\" width=\"73\">X<\/td>\n<td width=\"73\"><\/td>\n<\/tr>\n<tr>\n<td width=\"166\">Informationen beschaffen (Recherche).<\/td>\n<td style=\"text-align: center;\" width=\"73\">X<\/td>\n<td style=\"text-align: center;\" width=\"73\">X<\/td>\n<td style=\"text-align: center;\" width=\"73\">X<\/td>\n<td style=\"text-align: center;\" width=\"73\">X<\/td>\n<td style=\"text-align: center;\" width=\"73\">X<\/td>\n<td width=\"73\"><\/td>\n<\/tr>\n<tr>\n<td width=\"166\">Die Bibliothek nutzen.<\/td>\n<td style=\"text-align: center;\" width=\"73\">X<\/td>\n<td width=\"73\"><\/td>\n<td width=\"73\"><\/td>\n<td width=\"73\"><\/td>\n<td width=\"73\"><\/td>\n<td style=\"text-align: center;\" width=\"73\">X<\/td>\n<\/tr>\n<tr>\n<td width=\"166\">Ein Versuchsprotokoll schreiben.<\/td>\n<td width=\"73\"><\/td>\n<td width=\"73\"><\/td>\n<td width=\"73\"><\/td>\n<td width=\"73\"><\/td>\n<td style=\"text-align: center;\" width=\"73\">X<\/td>\n<td width=\"73\"><\/td>\n<\/tr>\n<tr>\n<td width=\"166\">Verhalten auf dem Schulweg<\/td>\n<td width=\"73\"><\/td>\n<td width=\"73\"><\/td>\n<td width=\"73\"><\/td>\n<td width=\"73\"><\/td>\n<td style=\"text-align: center;\" width=\"73\">X<\/td>\n<td style=\"text-align: center;\" width=\"73\">X<\/td>\n<\/tr>\n<tr>\n<td width=\"166\">Vers\u00e4umten Unterrichtsstoff selbstst\u00e4ndig nachholen.<\/td>\n<td style=\"text-align: center;\" width=\"73\">X<\/td>\n<td style=\"text-align: center;\" width=\"73\">X<\/td>\n<td style=\"text-align: center;\" width=\"73\">X<\/td>\n<td style=\"text-align: center;\" width=\"73\">X<\/td>\n<td style=\"text-align: center;\" width=\"73\">X<\/td>\n<td style=\"text-align: center;\" width=\"73\">X<\/td>\n<\/tr>\n<\/tbody>\n<\/table>\n<p>[\/vc_column_text][\/vc_column][\/vc_row]<\/p>\n<\/div>","protected":false},"excerpt":{"rendered":"<p>[vc_row type=&#8221;grid&#8221; video_bg=&#8221;&#8221;][vc_column dp_animation=&#8221;&#8221;][vc_column_text dp_animation=&#8221;&#8221;]Nasza szko\u0142a ponadpodstawowa jest podzielona na 6 rocznik\u00f3w klasowych (klasy 5-10). Nasze 5. klasy prowadzone s\u0105 przez zespo\u0142y kieruj\u0105ce nimi, wspierane <p><a class=\"readon\" href=\"https:\/\/www.hms-luebeck.de\/pl\/szkola-srednia\/koncepcja\/\"><span>Mehr lesen<\/span><\/a><\/p><\/p>\n","protected":false},"author":10,"featured_media":10209,"parent":9668,"menu_order":0,"comment_status":"closed","ping_status":"closed","template":"template.threequarterwidth.php","meta":{"footnotes":""},"class_list":["post-10206","page","type-page","status-publish","has-post-thumbnail","hentry"],"_links":{"self":[{"href":"https:\/\/www.hms-luebeck.de\/pl\/wp-json\/wp\/v2\/pages\/10206","targetHints":{"allow":["GET"]}}],"collection":[{"href":"https:\/\/www.hms-luebeck.de\/pl\/wp-json\/wp\/v2\/pages"}],"about":[{"href":"https:\/\/www.hms-luebeck.de\/pl\/wp-json\/wp\/v2\/types\/page"}],"author":[{"embeddable":true,"href":"https:\/\/www.hms-luebeck.de\/pl\/wp-json\/wp\/v2\/users\/10"}],"replies":[{"embeddable":true,"href":"https:\/\/www.hms-luebeck.de\/pl\/wp-json\/wp\/v2\/comments?post=10206"}],"version-history":[{"count":3,"href":"https:\/\/www.hms-luebeck.de\/pl\/wp-json\/wp\/v2\/pages\/10206\/revisions"}],"predecessor-version":[{"id":10982,"href":"https:\/\/www.hms-luebeck.de\/pl\/wp-json\/wp\/v2\/pages\/10206\/revisions\/10982"}],"up":[{"embeddable":true,"href":"https:\/\/www.hms-luebeck.de\/pl\/wp-json\/wp\/v2\/pages\/9668"}],"wp:featuredmedia":[{"embeddable":true,"href":"https:\/\/www.hms-luebeck.de\/pl\/wp-json\/wp\/v2\/media\/10209"}],"wp:attachment":[{"href":"https:\/\/www.hms-luebeck.de\/pl\/wp-json\/wp\/v2\/media?parent=10206"}],"curies":[{"name":"wp","href":"https:\/\/api.w.org\/{rel}","templated":true}]}}