{"id":10164,"date":"2021-08-02T15:14:16","date_gmt":"2021-08-02T13:14:16","guid":{"rendered":"https:\/\/www.hms-luebeck.de\/?page_id=10164"},"modified":"2021-08-04T16:23:57","modified_gmt":"2021-08-04T14:23:57","slug":"niemiecki-jako-drugi-jezyk","status":"publish","type":"page","link":"https:\/\/www.hms-luebeck.de\/pl\/niemiecki-jako-drugi-jezyk\/niemiecki-jako-drugi-jezyk\/","title":{"rendered":"Niemiecki jako drugi j\u0119zyk"},"content":{"rendered":"<div class=\"wpb-content-wrapper\"><p>[vc_row type=&#8221;grid&#8221; video_bg=&#8221;&#8221;][vc_column dp_animation=&#8221;&#8221;]<div class=\"headline  \"><h3><span>W szkole Heinrich-Mann-Schule dzieci i m\u0142odzie\u017c mog\u0105 si\u0119 uczy\u0107 j\u0119zyka niemieckiego jako j\u0119zyka drugiego. <\/span><\/h3><\/div>[vc_column_text dp_animation=&#8221;&#8221;]Poziom podstawowy:<\/p>\n<p>W sta\u0142ej klasie ch\u0142opcy i dziewcz\u0119ta w wieku od 6 do 10 lat lub od 11 do 15 lat ucz\u0105 si\u0119 od 1 roku do maksymalnie 3 lat j\u0119zyka niemieckiego.<\/p>\n<p>Opr\u00f3cz tego maj\u0105 tak\u017ce lekcje matematyki i nauk przyrodniczych.<\/p>\n<p>Poziom komplementarny:<\/p>\n<p>Po osi\u0105gni\u0119ciu przez uczni\u00f3w poziomu j\u0119zykowego A2, wst\u0119puj\u0105 do klasy zwyk\u0142ej. W tej klasie uczestnicz\u0105 w normalnych lekcjach, ale ucz\u0105 si\u0119 komplementarnie tak\u017ce j\u0119zyka niemieckiego jako j\u0119zyka drugiego.<\/p>\n<p>&nbsp;<\/p>\n<p>M\u0142odzie\u017c mo\u017ce zdoby\u0107 w naszej szkole uznany na arenie mi\u0119dzynarodowej dyplom j\u0119zyka niemieckiego Deutsches Sprachdiplom (DSD I) na poziomie B1.[\/vc_column_text][\/vc_column][\/vc_row]<\/p>\n<\/div>","protected":false},"excerpt":{"rendered":"<p>[vc_row type=&#8221;grid&#8221; video_bg=&#8221;&#8221;][vc_column dp_animation=&#8221;&#8221;][vc_column_text dp_animation=&#8221;&#8221;]Poziom podstawowy: W sta\u0142ej klasie ch\u0142opcy i dziewcz\u0119ta w wieku od 6 do 10 lat lub od 11 do 15 lat <p><a class=\"readon\" href=\"https:\/\/www.hms-luebeck.de\/pl\/niemiecki-jako-drugi-jezyk\/niemiecki-jako-drugi-jezyk\/\"><span>Mehr lesen<\/span><\/a><\/p><\/p>\n","protected":false},"author":10,"featured_media":10168,"parent":9693,"menu_order":0,"comment_status":"closed","ping_status":"closed","template":"template.threequarterwidth.php","meta":{"footnotes":""},"class_list":["post-10164","page","type-page","status-publish","has-post-thumbnail","hentry"],"_links":{"self":[{"href":"https:\/\/www.hms-luebeck.de\/pl\/wp-json\/wp\/v2\/pages\/10164","targetHints":{"allow":["GET"]}}],"collection":[{"href":"https:\/\/www.hms-luebeck.de\/pl\/wp-json\/wp\/v2\/pages"}],"about":[{"href":"https:\/\/www.hms-luebeck.de\/pl\/wp-json\/wp\/v2\/types\/page"}],"author":[{"embeddable":true,"href":"https:\/\/www.hms-luebeck.de\/pl\/wp-json\/wp\/v2\/users\/10"}],"replies":[{"embeddable":true,"href":"https:\/\/www.hms-luebeck.de\/pl\/wp-json\/wp\/v2\/comments?post=10164"}],"version-history":[{"count":4,"href":"https:\/\/www.hms-luebeck.de\/pl\/wp-json\/wp\/v2\/pages\/10164\/revisions"}],"predecessor-version":[{"id":11003,"href":"https:\/\/www.hms-luebeck.de\/pl\/wp-json\/wp\/v2\/pages\/10164\/revisions\/11003"}],"up":[{"embeddable":true,"href":"https:\/\/www.hms-luebeck.de\/pl\/wp-json\/wp\/v2\/pages\/9693"}],"wp:featuredmedia":[{"embeddable":true,"href":"https:\/\/www.hms-luebeck.de\/pl\/wp-json\/wp\/v2\/media\/10168"}],"wp:attachment":[{"href":"https:\/\/www.hms-luebeck.de\/pl\/wp-json\/wp\/v2\/media?parent=10164"}],"curies":[{"name":"wp","href":"https:\/\/api.w.org\/{rel}","templated":true}]}}