{"id":9896,"date":"2021-08-02T10:48:28","date_gmt":"2021-08-02T08:48:28","guid":{"rendered":"https:\/\/www.hms-luebeck.de\/?page_id=9896"},"modified":"2021-08-04T16:41:23","modified_gmt":"2021-08-04T14:41:23","slug":"%d8%b5%d8%a7%d9%84%d8%a9","status":"publish","type":"page","link":"https:\/\/www.hms-luebeck.de\/ar\/%d8%aa%d9%8a%d8%a7%d8%b1\/%d8%b5%d8%a7%d9%84%d8%a9\/","title":{"rendered":"\u0635\u0627\u0644\u0629"},"content":{"rendered":"<div class=\"wpb-content-wrapper\"><p>[vc_row type=&#8221;grid&#8221; video_bg=&#8221;&#8221;][vc_column dp_animation=&#8221;&#8221;]<div class=\"headline  \"><h3><span>Lounge<\/span><\/h3><\/div>[vc_column_text dp_animation=&#8221;&#8221;]Die Lounge an der Heinrich-Mann-Schule befindet sich in den R\u00e4umen der ehemalige Hausmeisterwohnung. Sie geh\u00f6rt zum Jugendfreizeitzentrum Moisling.<br \/>\nDie Lounge ist montags, dienstags, mittwochs und donnerstags in der Zeit von 13:30 Uhr bis 15:00 Uhr ge\u00f6ffnet.<br \/>\nAlle Kinder und Jugendlichen ab Klassenstufe 5 sind willkommen. Wir sind ein Ort zum Chill Out: Wir haben einen Tischkicker, geboten werden Gesellschaftsspiele, Essen und vieles mehr. Bevor es beispielweise in das Freizeitzentrum Moislinger Mitte, zu den AG \u2018s oder in die Sportvereine geht.<br \/>\nAktuell in diesem Schuljahr: Mittwochs ist Lounge \u2013 Team. Sch\u00fclerinnen und Sch\u00fcler k\u00f6nnen Ideen und W\u00fcnsche \u00e4u\u00dfern. Dienstags findet in der Lounge von15:00-18:00 Uhr ein Jungs-Tag statt. Er liegt parallel zum M\u00e4dchentag im Freizeitzentrum Moislinger Mitte.[\/vc_column_text][\/vc_column][\/vc_row]<\/p>\n<\/div>","protected":false},"excerpt":{"rendered":"<p>[vc_row type=&#8221;grid&#8221; video_bg=&#8221;&#8221;][vc_column dp_animation=&#8221;&#8221;][vc_column_text dp_animation=&#8221;&#8221;]Die Lounge an der Heinrich-Mann-Schule befindet sich in den R\u00e4umen der ehemalige Hausmeisterwohnung. Sie geh\u00f6rt zum Jugendfreizeitzentrum Moisling. Die Lounge ist <p><a class=\"readon\" href=\"https:\/\/www.hms-luebeck.de\/ar\/%d8%aa%d9%8a%d8%a7%d8%b1\/%d8%b5%d8%a7%d9%84%d8%a9\/\"><span>Mehr lesen<\/span><\/a><\/p><\/p>\n","protected":false},"author":10,"featured_media":9926,"parent":9576,"menu_order":0,"comment_status":"closed","ping_status":"closed","template":"template.threequarterwidth.php","meta":{"footnotes":""},"class_list":["post-9896","page","type-page","status-publish","has-post-thumbnail","hentry"],"_links":{"self":[{"href":"https:\/\/www.hms-luebeck.de\/ar\/wp-json\/wp\/v2\/pages\/9896","targetHints":{"allow":["GET"]}}],"collection":[{"href":"https:\/\/www.hms-luebeck.de\/ar\/wp-json\/wp\/v2\/pages"}],"about":[{"href":"https:\/\/www.hms-luebeck.de\/ar\/wp-json\/wp\/v2\/types\/page"}],"author":[{"embeddable":true,"href":"https:\/\/www.hms-luebeck.de\/ar\/wp-json\/wp\/v2\/users\/10"}],"replies":[{"embeddable":true,"href":"https:\/\/www.hms-luebeck.de\/ar\/wp-json\/wp\/v2\/comments?post=9896"}],"version-history":[{"count":4,"href":"https:\/\/www.hms-luebeck.de\/ar\/wp-json\/wp\/v2\/pages\/9896\/revisions"}],"predecessor-version":[{"id":11011,"href":"https:\/\/www.hms-luebeck.de\/ar\/wp-json\/wp\/v2\/pages\/9896\/revisions\/11011"}],"up":[{"embeddable":true,"href":"https:\/\/www.hms-luebeck.de\/ar\/wp-json\/wp\/v2\/pages\/9576"}],"wp:featuredmedia":[{"embeddable":true,"href":"https:\/\/www.hms-luebeck.de\/ar\/wp-json\/wp\/v2\/media\/9926"}],"wp:attachment":[{"href":"https:\/\/www.hms-luebeck.de\/ar\/wp-json\/wp\/v2\/media?parent=9896"}],"curies":[{"name":"wp","href":"https:\/\/api.w.org\/{rel}","templated":true}]}}