{"id":9889,"date":"2021-08-02T10:45:46","date_gmt":"2021-08-02T08:45:46","guid":{"rendered":"https:\/\/www.hms-luebeck.de\/?page_id=9889"},"modified":"2021-08-02T10:45:46","modified_gmt":"2021-08-02T08:45:46","slug":"impressum","status":"publish","type":"page","link":"https:\/\/www.hms-luebeck.de\/ar\/impressum\/","title":{"rendered":"Impressum"},"content":{"rendered":"<div class=\"wpb-content-wrapper\"><p>[vc_row type=&#8221;grid&#8221; video_bg=&#8221;&#8221;][vc_column dp_animation=&#8221;&#8221;]<div class=\"headline  \"><h3><span>Impressum<\/span><\/h3><\/div>[\/vc_column][\/vc_row][vc_row type=&#8221;grid&#8221; video_bg=&#8221;&#8221;][vc_column width=&#8221;2\/3&#8243; dp_animation=&#8221;&#8221;][vc_column_text dp_animation=&#8221;&#8221;]Verantwortlich gem\u00e4\u00df \u00a7 55 Absatz 1 des Rundfunkstaatsvertrags (RStV) und \u00a7 5 des Telemediengesetzes (TMG):<\/p>\n<table cellspacing=\"0\" cellpadding=\"0\">\n<tbody>\n<tr>\n<td style=\"width: 110px;\">Schulleitung<\/td>\n<td>Frau Reinfelder-Bunge<\/td>\n<\/tr>\n<tr>\n<td>Stra\u00dfe<\/td>\n<td>Br\u00fcder-Grimm-Ring 6-8<\/td>\n<\/tr>\n<tr>\n<td>Postleitzahl<\/td>\n<td>23560<\/td>\n<\/tr>\n<tr>\n<td>Ort<\/td>\n<td>L\u00fcbeck, Hansestadt<\/td>\n<\/tr>\n<tr>\n<td>Kreis<\/td>\n<td>L\u00fcbeck<\/td>\n<\/tr>\n<tr>\n<td>Telefon<\/td>\n<td>0451 \/ 122 &#8211; 83600<\/td>\n<\/tr>\n<tr>\n<td>Fax<\/td>\n<td>0451 \/ 122 &#8211; 83690<\/td>\n<\/tr>\n<tr>\n<td>E-Mail<\/td>\n<td><a href=\"mailto:heinrich-mann-schule.luebeck@schule.landsh.de\">heinrich-mann-schule.luebeck@schule.landsh.de<\/a><\/td>\n<\/tr>\n<\/tbody>\n<\/table>\n<p>[\/vc_column_text][\/vc_column][vc_column width=&#8221;1\/3&#8243; dp_animation=&#8221;&#8221;][vc_column_text dp_animation=&#8221;&#8221;]<img loading=\"lazy\" decoding=\"async\" class=\"alignnone size-full wp-image-7730\" src=\"\/wp-content\/uploads\/2017\/12\/grafikkontor-luebeck.png\" alt=\"grafikkontor-luebeck\" width=\"100\" height=\"85\" \/><\/p>\n<p><strong>Realisierung:<\/strong><br \/>\nGra\ufb01k Kontor L\u00fcbeck<br \/>\n<a href=\"http:\/\/www.gra\ufb01kkontorluebeck.de\"> www.gra\ufb01kkontorluebeck.de<\/a>[\/vc_column_text][\/vc_column][\/vc_row][vc_row type=&#8221;grid&#8221; video_bg=&#8221;&#8221;][vc_column dp_animation=&#8221;&#8221;][vc_separator css=&#8221;.vc_custom_1518086407906{padding-top: 20px !important;padding-bottom: 20px !important;}&#8221;][vc_column_text dp_animation=&#8221;&#8221;]<strong>Erg\u00e4nzende Hinweise<\/strong><br \/>\nOhne vorherige schriftliche Genehmigung ist eine kommerzielle Verwendung der auf diesem Angebot vorhandenen Dokumente ausdr\u00fccklich untersagt.<br \/>\nF\u00fcr Fehler redaktioneller und technischer Art sowie f\u00fcr die allumfassende Richtigkeit der Eintragungen kann keine Haftung \u00fcbernommen werden. Insbesondere kann keine Gew\u00e4hr f\u00fcr die Vollst\u00e4ndigkeit und Richtigkeit von Informationen \u00fcbernommen werden, die \u00fcber weiterf\u00fchrende Links erreicht werden.<br \/>\nFalls von unserem Internetangebot auf Seiten verwiesen wird, deren Inhalt Anlass zur Beanstandung gibt, bitten wir jeden, uns dies umgehend mitzuteilen.<br \/>\nWir behalten uns das Recht vor, ohne vorherige Ank\u00fcndigung \u00c4nderungen oder Erg\u00e4nzungen der bereitgestellten Informationen vorzunehmen, gegebenenfalls auch Informationen zu entfernen.[\/vc_column_text][\/vc_column][\/vc_row]<\/p>\n<\/div>","protected":false},"excerpt":{"rendered":"<p>[vc_row type=&#8221;grid&#8221; video_bg=&#8221;&#8221;][vc_column dp_animation=&#8221;&#8221;][\/vc_column][\/vc_row][vc_row type=&#8221;grid&#8221; video_bg=&#8221;&#8221;][vc_column width=&#8221;2\/3&#8243; dp_animation=&#8221;&#8221;][vc_column_text dp_animation=&#8221;&#8221;]Verantwortlich gem\u00e4\u00df \u00a7 55 Absatz 1 des Rundfunkstaatsvertrags (RStV) und \u00a7 5 des Telemediengesetzes (TMG): Schulleitung Frau <p><a class=\"readon\" href=\"https:\/\/www.hms-luebeck.de\/ar\/impressum\/\"><span>Mehr lesen<\/span><\/a><\/p><\/p>\n","protected":false},"author":10,"featured_media":0,"parent":0,"menu_order":0,"comment_status":"closed","ping_status":"closed","template":"template.threequarterwidth.php","meta":{"footnotes":""},"class_list":["post-9889","page","type-page","status-publish","hentry"],"_links":{"self":[{"href":"https:\/\/www.hms-luebeck.de\/ar\/wp-json\/wp\/v2\/pages\/9889","targetHints":{"allow":["GET"]}}],"collection":[{"href":"https:\/\/www.hms-luebeck.de\/ar\/wp-json\/wp\/v2\/pages"}],"about":[{"href":"https:\/\/www.hms-luebeck.de\/ar\/wp-json\/wp\/v2\/types\/page"}],"author":[{"embeddable":true,"href":"https:\/\/www.hms-luebeck.de\/ar\/wp-json\/wp\/v2\/users\/10"}],"replies":[{"embeddable":true,"href":"https:\/\/www.hms-luebeck.de\/ar\/wp-json\/wp\/v2\/comments?post=9889"}],"version-history":[{"count":2,"href":"https:\/\/www.hms-luebeck.de\/ar\/wp-json\/wp\/v2\/pages\/9889\/revisions"}],"predecessor-version":[{"id":9912,"href":"https:\/\/www.hms-luebeck.de\/ar\/wp-json\/wp\/v2\/pages\/9889\/revisions\/9912"}],"wp:attachment":[{"href":"https:\/\/www.hms-luebeck.de\/ar\/wp-json\/wp\/v2\/media?parent=9889"}],"curies":[{"name":"wp","href":"https:\/\/api.w.org\/{rel}","templated":true}]}}