{"id":9885,"date":"2021-08-02T10:44:06","date_gmt":"2021-08-02T08:44:06","guid":{"rendered":"https:\/\/www.hms-luebeck.de\/?page_id=9885"},"modified":"2021-08-03T14:34:46","modified_gmt":"2021-08-03T12:34:46","slug":"%d8%a7%d9%84%d9%85%d8%a7%d9%84%d9%83","status":"publish","type":"page","link":"https:\/\/www.hms-luebeck.de\/ar\/%d8%a7%d9%84%d9%85%d8%af%d8%b1%d8%b3%d8%a9\/%d8%a7%d9%84%d9%85%d8%a7%d9%84%d9%83\/","title":{"rendered":"\u0627\u0644\u0645\u0627\u0644\u0643"},"content":{"rendered":"<div class=\"wpb-content-wrapper\"><p>[vc_row type=&#8221;grid&#8221; video_bg=&#8221;&#8221;][vc_column dp_animation=&#8221;&#8221;]<div class=\"headline  \"><h3><span>Schulleitung<\/span><\/h3><\/div>[\/vc_column][\/vc_row][vc_row type=&#8221;grid&#8221; video_bg=&#8221;&#8221;][vc_column width=&#8221;1\/4&#8243; dp_animation=&#8221;&#8221;][vc_column_text dp_animation=&#8221;&#8221;]<img loading=\"lazy\" decoding=\"async\" class=\"alignnone size-medium wp-image-8536\" src=\"https:\/\/www.hms-luebeck.de\/wp-content\/uploads\/2020\/03\/15_2660P1823-214x300.jpg\" alt=\"\" width=\"214\" height=\"300\" srcset=\"https:\/\/www.hms-luebeck.de\/wp-content\/uploads\/2020\/03\/15_2660P1823-214x300.jpg 214w, https:\/\/www.hms-luebeck.de\/wp-content\/uploads\/2020\/03\/15_2660P1823-731x1024.jpg 731w, https:\/\/www.hms-luebeck.de\/wp-content\/uploads\/2020\/03\/15_2660P1823-768x1076.jpg 768w, https:\/\/www.hms-luebeck.de\/wp-content\/uploads\/2020\/03\/15_2660P1823-1096x1536.jpg 1096w, https:\/\/www.hms-luebeck.de\/wp-content\/uploads\/2020\/03\/15_2660P1823-1461x2048.jpg 1461w, https:\/\/www.hms-luebeck.de\/wp-content\/uploads\/2020\/03\/15_2660P1823-scaled.jpg 1827w\" sizes=\"auto, (max-width: 214px) 100vw, 214px\" \/>[\/vc_column_text][\/vc_column][vc_column width=&#8221;3\/4&#8243; dp_animation=&#8221;&#8221;][vc_column_text dp_animation=&#8221;&#8221;]<strong>Frau Reinfelder-Bunge<\/strong><br \/>\nSchulleitung<\/p>\n<p>Tel.: 0451-122 83-610<br \/>\nEmail: hms-schulleitung.luebeck@schule.landsh.de<\/p>\n<p><strong>Zust\u00e4ndig f\u00fcr\/Arbeitsschwerpunkt:<\/strong><br \/>\n\u2022 Gesamtverantwortung<br \/>\n\u2022 Au\u00dfen- und \u00d6ffentlichkeitsvertretung<br \/>\n\u2022 Personalsteuerung<br \/>\n\u2022 Haushaltsplan<br \/>\n\u2022 Elternarbeit<br \/>\n\u2022 Konfliktmoderation<br \/>\n\u2022 Schulentwicklung<\/p>\n<p><strong>Sprechzeiten:<\/strong><br \/>\nT\u00e4glich, 8:00 \u2013 12:00 Uhr und nach telefonischer Absprache[\/vc_column_text][\/vc_column][\/vc_row][vc_row type=&#8221;grid&#8221; video_bg=&#8221;&#8221;][vc_column dp_animation=&#8221;&#8221;][vc_separator css=&#8221;.vc_custom_1515491748888{padding-top: 20px !important;padding-bottom: 20px !important;}&#8221;][\/vc_column][\/vc_row][vc_row type=&#8221;grid&#8221; video_bg=&#8221;&#8221;][vc_column dp_animation=&#8221;&#8221;]<div class=\"headline  \"><h3><span>Stellvertretender Schulleiter<\/span><\/h3><\/div>[\/vc_column][\/vc_row][vc_row type=&#8221;grid&#8221; video_bg=&#8221;&#8221;][vc_column width=&#8221;1\/4&#8243; dp_animation=&#8221;&#8221;][vc_column_text dp_animation=&#8221;&#8221;]<img loading=\"lazy\" decoding=\"async\" class=\"size-full wp-image-7644 aligncenter\" src=\"https:\/\/www.hms-luebeck.de\/wp-content\/uploads\/2018\/01\/2017_H-M-S_MG_7641.portrait.jpg\" alt=\"Dirk Storbeck\" width=\"429\" height=\"643\" \/>[\/vc_column_text][\/vc_column][vc_column width=&#8221;3\/4&#8243; dp_animation=&#8221;&#8221;][vc_column_text dp_animation=&#8221;&#8221;]<strong>Herr Dirk Storbeck<\/strong><br \/>\nStellvertretender Schulleiter<\/p>\n<p>Tel.: 0451-122 83-620<br \/>\nEmail: heinrich-mann-schule.luebeck@schule.landsh.de<\/p>\n<p><strong>Zust\u00e4ndig f\u00fcr\/Arbeitsschwerpunkt:<\/strong><br \/>\n\u2022 Organisation, Geb\u00e4ude<br \/>\n\u2022 Personaleinsatz<br \/>\n\u2022 Stundenplan<br \/>\n\u2022 Finanzen<br \/>\n\u2022 Elternkontakte<br \/>\n\u2022 Digitales Lernen<\/p>\n<p><strong>Sprechzeiten:<\/strong><br \/>\nt\u00e4glich, Termin nach Vereinbarung[\/vc_column_text][\/vc_column][\/vc_row][vc_row type=&#8221;grid&#8221; video_bg=&#8221;&#8221;][vc_column dp_animation=&#8221;&#8221;][vc_separator css=&#8221;.vc_custom_1515491748888{padding-top: 20px !important;padding-bottom: 20px !important;}&#8221;][\/vc_column][\/vc_row][vc_row type=&#8221;grid&#8221; video_bg=&#8221;&#8221;][vc_column dp_animation=&#8221;&#8221;]<div class=\"headline  \"><h3><span>Koordination<\/span><\/h3><\/div>[\/vc_column][\/vc_row][vc_row type=&#8221;grid&#8221; video_bg=&#8221;&#8221;][vc_column dp_animation=&#8221;&#8221;][vc_column_text dp_animation=&#8221;&#8221;]<strong>Herr Ole Gr\u00fcnwald<\/strong><br \/>\nKoordinator Grundschule<\/p>\n<p>Tel.: 0451-122 83-621<br \/>\nEmail: heinrich-mann-schule.luebeck@schule.landsh.de<\/p>\n<p><strong>Zust\u00e4ndig f\u00fcr \/ Arbeitsschwerpunkt<\/strong><br \/>\n\u2022 Verantwortung f\u00fcr die Klassenstufen 1-4<br \/>\n\u2022 Unterrichtsgestaltung, Leistungsbeobachtungen<br \/>\n\u2022 Einschulungen<br \/>\n\u2022 Grundschulprojekte<br \/>\n\u2022 \u00dcberg\u00e4nge: Weiterf\u00fchrende Schulen<br \/>\n\u2022 Homepage<\/p>\n<p><strong>Sprechzeit in der Schule<\/strong><br \/>\nTermin nach Vereinbarung[\/vc_column_text][\/vc_column][\/vc_row][vc_row type=&#8221;grid&#8221; video_bg=&#8221;&#8221;][vc_column dp_animation=&#8221;&#8221;][vc_separator css=&#8221;.vc_custom_1515491748888{padding-top: 20px !important;padding-bottom: 20px !important;}&#8221;][\/vc_column][\/vc_row][vc_row type=&#8221;grid&#8221; video_bg=&#8221;&#8221;][vc_column dp_animation=&#8221;&#8221;][vc_column_text dp_animation=&#8221;&#8221;]<strong>Frau Hanna Dr\u00fcnert<\/strong><br \/>\nKoordinatorin Klassenstufe 5-7<\/p>\n<p>Tel.: 0451-122 83-622<br \/>\nEmail: heinrich-mann-schule.luebeck@schule.landsh.de<\/p>\n<p><strong>Zust\u00e4ndig f\u00fcr \/ Arbeitsschwerpunkt<\/strong><br \/>\n\u2022 Verantwortung f\u00fcr die Klassenstufe 5-7<br \/>\n\u2022 Unterrichtsgestaltung, Lernmethoden<br \/>\n\u2022 Wahlpflichtunterricht<br \/>\n\u2022 Schulfeste<br \/>\n\u2022 Aus- und Fortbildung<\/p>\n<p><strong>Sprechzeit in der Schule<\/strong><br \/>\nTermin nach Vereinbarung[\/vc_column_text][\/vc_column][\/vc_row][vc_row type=&#8221;grid&#8221; video_bg=&#8221;&#8221;][vc_column dp_animation=&#8221;&#8221;][vc_separator css=&#8221;.vc_custom_1515491748888{padding-top: 20px !important;padding-bottom: 20px !important;}&#8221;][\/vc_column][\/vc_row][vc_row type=&#8221;grid&#8221; video_bg=&#8221;&#8221;][vc_column dp_animation=&#8221;&#8221;][vc_column_text dp_animation=&#8221;&#8221;]<strong>Frau Maike Ehrenforth<\/strong><br \/>\nKoordinatorin Klassenstufe 8-10<\/p>\n<p>Tel.: 0451-122 83-623<br \/>\nEmail: heinrich-mann-schule.luebeck@schule.landsh.de<\/p>\n<p><strong>Zust\u00e4ndig f\u00fcr \/ Arbeitsschwerpunkt<\/strong><br \/>\n\u2022 Schulabschl\u00fcsse<br \/>\n\u2022 Projektarbeiten<br \/>\n\u2022 Schullaufbahn-Beratung<br \/>\n\u2022 Zentrale Abschlusspr\u00fcfungen<br \/>\n\u2022 \u00dcberg\u00e4nge: Gymnasiale Oberstufen, Berufsbildende Schule, Wirtschaft<\/p>\n<p><strong>Sprechzeit in der Schule<\/strong><br \/>\nTermin nach Vereinbarung[\/vc_column_text][\/vc_column][\/vc_row][vc_row type=&#8221;grid&#8221; video_bg=&#8221;&#8221;][vc_column dp_animation=&#8221;&#8221;][vc_separator css=&#8221;.vc_custom_1515491748888{padding-top: 20px !important;padding-bottom: 20px !important;}&#8221;][\/vc_column][\/vc_row][vc_row type=&#8221;grid&#8221; video_bg=&#8221;&#8221;][vc_column dp_animation=&#8221;&#8221;][vc_column_text dp_animation=&#8221;&#8221;]<strong>Frau Andjelka Anusic<\/strong><br \/>\nKoordinatorin DaZ-Zentrum<\/p>\n<p>Tel.: 0451-122 83-611<br \/>\nEmail: heinrich-mann-schule.luebeck@schule.landsh.de<\/p>\n<p><strong>Zust\u00e4ndig f\u00fcr \/ Arbeitsschwerpunkt<\/strong><br \/>\n\u2022 Unterrichtsgestaltung, Organisation der Lerngruppen<br \/>\n\u2022 Durchf\u00fchrung Deutsches Sprachdiplom<br \/>\n\u2022 Elternarbeit<br \/>\n\u2022 Mitarbeit DaZ-Arbeitskreis L\u00fcbeck<\/p>\n<p><strong>Sprechzeit in der Schule<\/strong><br \/>\nTermin nach Vereinbarung[\/vc_column_text][\/vc_column][\/vc_row][vc_row type=&#8221;grid&#8221; video_bg=&#8221;&#8221;][vc_column dp_animation=&#8221;&#8221;][vc_separator css=&#8221;.vc_custom_1515491748888{padding-top: 20px !important;padding-bottom: 20px !important;}&#8221;][\/vc_column][\/vc_row][vc_row type=&#8221;grid&#8221; video_bg=&#8221;&#8221;][vc_column dp_animation=&#8221;&#8221;][vc_column_text dp_animation=&#8221;&#8221;]<strong>Frau Hanna Dr\u00fcnert<\/strong><br \/>\nKoordinatorin Offene Ganztagsschule<\/p>\n<p>Tel.: 0451-122 83-622<br \/>\nEmail: hanna_druenert@yahoo.de<\/p>\n<p><strong>Zust\u00e4ndig f\u00fcr \/ Arbeitsschwerpunkt<\/strong><br \/>\n\u2022 Ganztagsorganisation der Schule<br \/>\n\u2022 Ganztagsangebote 1-4 und 5-8<br \/>\n\u2022 Kontakt Verbund Sozialtherapeutischer Einrichtungen<br \/>\n\u2022 Kontakt Jugendzentrum Moislinger Mitte<\/p>\n<p><strong>Sprechzeit in der Schule<\/strong><br \/>\nTermin nach Vereinbarung[\/vc_column_text][\/vc_column][\/vc_row]<\/p>\n<\/div>","protected":false},"excerpt":{"rendered":"<p>[vc_row type=&#8221;grid&#8221; video_bg=&#8221;&#8221;][vc_column dp_animation=&#8221;&#8221;][\/vc_column][\/vc_row][vc_row type=&#8221;grid&#8221; video_bg=&#8221;&#8221;][vc_column width=&#8221;1\/4&#8243; dp_animation=&#8221;&#8221;][vc_column_text dp_animation=&#8221;&#8221;][\/vc_column_text][\/vc_column][vc_column width=&#8221;3\/4&#8243; dp_animation=&#8221;&#8221;][vc_column_text dp_animation=&#8221;&#8221;]Frau Reinfelder-Bunge Schulleitung Tel.: 0451-122 83-610 Email: hms-schulleitung.luebeck@schule.landsh.de Zust\u00e4ndig f\u00fcr\/Arbeitsschwerpunkt: \u2022 Gesamtverantwortung \u2022 Au\u00dfen- <p><a class=\"readon\" href=\"https:\/\/www.hms-luebeck.de\/ar\/%d8%a7%d9%84%d9%85%d8%af%d8%b1%d8%b3%d8%a9\/%d8%a7%d9%84%d9%85%d8%a7%d9%84%d9%83\/\"><span>Mehr lesen<\/span><\/a><\/p><\/p>\n","protected":false},"author":10,"featured_media":0,"parent":9644,"menu_order":0,"comment_status":"closed","ping_status":"closed","template":"template.threequarterwidth.php","meta":{"footnotes":""},"class_list":["post-9885","page","type-page","status-publish","hentry"],"_links":{"self":[{"href":"https:\/\/www.hms-luebeck.de\/ar\/wp-json\/wp\/v2\/pages\/9885","targetHints":{"allow":["GET"]}}],"collection":[{"href":"https:\/\/www.hms-luebeck.de\/ar\/wp-json\/wp\/v2\/pages"}],"about":[{"href":"https:\/\/www.hms-luebeck.de\/ar\/wp-json\/wp\/v2\/types\/page"}],"author":[{"embeddable":true,"href":"https:\/\/www.hms-luebeck.de\/ar\/wp-json\/wp\/v2\/users\/10"}],"replies":[{"embeddable":true,"href":"https:\/\/www.hms-luebeck.de\/ar\/wp-json\/wp\/v2\/comments?post=9885"}],"version-history":[{"count":4,"href":"https:\/\/www.hms-luebeck.de\/ar\/wp-json\/wp\/v2\/pages\/9885\/revisions"}],"predecessor-version":[{"id":10846,"href":"https:\/\/www.hms-luebeck.de\/ar\/wp-json\/wp\/v2\/pages\/9885\/revisions\/10846"}],"up":[{"embeddable":true,"href":"https:\/\/www.hms-luebeck.de\/ar\/wp-json\/wp\/v2\/pages\/9644"}],"wp:attachment":[{"href":"https:\/\/www.hms-luebeck.de\/ar\/wp-json\/wp\/v2\/media?parent=9885"}],"curies":[{"name":"wp","href":"https:\/\/api.w.org\/{rel}","templated":true}]}}