{"id":9702,"date":"2021-06-30T17:25:39","date_gmt":"2021-06-30T15:25:39","guid":{"rendered":"https:\/\/www.hms-luebeck.de\/?page_id=9702"},"modified":"2021-08-03T14:47:24","modified_gmt":"2021-08-03T12:47:24","slug":"%d8%b9%d9%85%d9%84-%d8%a7%d9%84%d9%88%d8%a7%d9%84%d8%af%d9%8a%d9%86","status":"publish","type":"page","link":"https:\/\/www.hms-luebeck.de\/ar\/%d8%a7%d9%84%d9%85%d8%af%d8%b1%d8%b3%d8%a9\/%d8%b9%d9%85%d9%84-%d8%a7%d9%84%d9%88%d8%a7%d9%84%d8%af%d9%8a%d9%86\/","title":{"rendered":"\u0639\u0645\u0644 \u0627\u0644\u0648\u0627\u0644\u062f\u064a\u0646"},"content":{"rendered":"<div class=\"wpb-content-wrapper\"><p>[vc_row type=&#8221;grid&#8221; video_bg=&#8221;&#8221; is_fss_bg=&#8221;no&#8221; fss_style=&#8221;purple&#8221; fss_meshambient=&#8221;#555555&#8243; fss_meshdiffuse=&#8221;#ffffff&#8221; fss_lightambient=&#8221;#880066&#8243; fss_lightdiffuse=&#8221;#ff8800&#8243; css=&#8221;.vc_custom_1435738343682{padding-left: 6px !important;}&#8221;][vc_column dp_animation=&#8221;&#8221; css=&#8221;.vc_custom_1435737831912{padding-left: 10px !important;}&#8221;]<div class=\"headline  \"><h3><span>\u0645\u062c\u0644\u0633 \u0623\u0648\u0644\u064a\u0627\u0621 \u0627\u0644\u0623\u0645\u0648\u0631 \u0628\u0627\u0644\u0645\u062f\u0631\u0633\u0629<\/span><\/h3><\/div>[vc_column_text dp_animation=&#8221;&#8221;]\u064a\u062a\u0643\u0648\u0646 \u0645\u062c\u0644\u0633 \u0623\u0648\u0644\u064a\u0627\u0621 \u0627\u0644\u0623\u0645\u0648\u0631 \u0641\u064a \u0627\u0644\u0645\u062f\u0631\u0633\u0629 \u0645\u0646 \u0645\u0645\u062b\u0644\u064a\u0646 \u0645\u0646\u062a\u062e\u0628\u064a\u0646 \u0645\u0646 \u0645\u062c\u0644\u0633 \u0623\u0648\u0644\u064a\u0627\u0621 \u0627\u0644\u0623\u0645\u0648\u0631 \u0641\u064a \u0627\u0644\u0635\u0641. \u0648\u064a\u0633\u0627\u0639\u062f \u0647\u0630\u0627 \u0627\u0644\u0645\u062c\u0644\u0633 \u0641\u064a \u062a\u062d\u0642\u064a\u0642 \u0627\u0644\u062a\u0641\u0627\u0639\u0644 \u0648\u0627\u0644\u062a\u0639\u0627\u0648\u0646 \u0628\u064a\u0646 \u0645\u062c\u0627\u0644\u0633 \u0623\u0648\u0644\u064a\u0627\u0621 \u0627\u0644\u0623\u0645\u0648\u0631 \u0648\u0627\u0644\u0645\u062f\u0631\u0633\u0629. \u064a\u0646\u0628\u063a\u064a \u0639\u0644\u0649 \u0645\u062c\u0644\u0633 \u0623\u0648\u0644\u064a\u0627\u0621 \u0627\u0644\u0623\u0645\u0648\u0631 \u0641\u064a \u0627\u0644\u0645\u062f\u0631\u0633\u0629 \u0625\u0628\u0644\u0627\u063a \u0645\u0624\u062a\u0645\u0631 \u0627\u0644\u0645\u0639\u0644\u0645\u064a\u0646 \u0628\u0639\u0645\u0644\u0647 \u0645\u0631\u0629 \u0648\u0627\u062d\u062f\u0629 \u0641\u064a \u0627\u0644\u0639\u0627\u0645 \u0627\u0644\u062f\u0631\u0627\u0633\u064a.<\/p>\n<p>\u0631\u0626\u064a\u0633 \u0645\u062c\u0644\u0633 \u0623\u0648\u0644\u064a\u0627\u0621 \u0627\u0644\u0623\u0645\u0648\u0631 \u0641\u064a \u0645\u062f\u0631\u0633\u062a\u0646\u0627 \u062d\u0627\u0644\u064a\u064b\u0627 \u0647\u0648 \u0627\u0644\u0633\u064a\u062f \u0645\u064a\u0631\u0643\u0648 \u0628\u064a\u0634\u0648\u0641.<\/p>\n<p>\u0648\u064a\u0645\u0643\u0646\u0643 \u0627\u0644\u062a\u0648\u0627\u0635\u0644 \u0645\u0639\u0647 \u0639\u0628\u0631 \u0631\u0642\u0645 \u0627\u0644\u0647\u0627\u062a\u0641 \u0627\u0644\u062a\u0627\u0644\u064a: 0 45 1 \/ 9 69 05 10<\/p>\n<p>\u0623\u0648 \u0639\u0628\u0631 \u0627\u0644\u0628\u0631\u064a\u062f \u0627\u0644\u0625\u0644\u0643\u062a\u0631\u0648\u0646\u064a: <a href=\"mailto:mirco.bischoff@travedsl.de\">mirco.bischoff@travedsl.de<\/a>[\/vc_column_text]<div style=\"height:40px; width:100%;clear:both\"><\/div>[\/vc_column][\/vc_row][vc_row type=&#8221;grid&#8221; video_bg=&#8221;&#8221;][vc_column dp_animation=&#8221;&#8221;][vc_column_text dp_animation=&#8221;&#8221;]<strong>Der Klassenelternbeirat<\/strong><\/p>\n<p>In jeder Klasse wird ein Elternbeirat f\u00fcr zwei Jahre gew\u00e4hlt. Dieser k\u00fcmmert sich um die Anliegen der Elternschaft, beruft Elternabende ein oder tr\u00e4gt besagte Elternanliegen an die Klassenleitung heran.<\/p>\n<p><strong>Der Schulelternbeirat<\/strong><\/p>\n<p>Der Schulelternbeirat wird gew\u00e4hlt. Er besteht aus je einem gew\u00e4hlten Mitglied des Klassenelternbeirats und wird aus dessen Mitte gew\u00e4hlt.<\/p>\n<ul>\n<li>Der Schulelternbeirat ist ein wichtiges Bindeglied zwischen Eltern, Sch\u00fclern, Schulleitung und Lehrern.<\/li>\n<li>Er hat die Aufgabe, die Elternbeir\u00e4te der Klassen zu unterst\u00fctzen.<\/li>\n<li>Der Vorstand, die Klassenelternbeir\u00e4te oder deren Vertreterinnen treffen sich in der Regel zwei Mal im Schuljahr zur gemeinsamen Beratung.<\/li>\n<\/ul>\n<p>[\/vc_column_text][\/vc_column][\/vc_row]<\/p>\n<\/div>","protected":false},"excerpt":{"rendered":"<p>[vc_row type=&#8221;grid&#8221; video_bg=&#8221;&#8221; is_fss_bg=&#8221;no&#8221; fss_style=&#8221;purple&#8221; fss_meshambient=&#8221;#555555&#8243; fss_meshdiffuse=&#8221;#ffffff&#8221; fss_lightambient=&#8221;#880066&#8243; fss_lightdiffuse=&#8221;#ff8800&#8243; css=&#8221;.vc_custom_1435738343682{padding-left: 6px !important;}&#8221;][vc_column dp_animation=&#8221;&#8221; css=&#8221;.vc_custom_1435737831912{padding-left: 10px !important;}&#8221;][vc_column_text dp_animation=&#8221;&#8221;]\u064a\u062a\u0643\u0648\u0646 \u0645\u062c\u0644\u0633 \u0623\u0648\u0644\u064a\u0627\u0621 \u0627\u0644\u0623\u0645\u0648\u0631 \u0641\u064a \u0627\u0644\u0645\u062f\u0631\u0633\u0629 \u0645\u0646 \u0645\u0645\u062b\u0644\u064a\u0646 \u0645\u0646\u062a\u062e\u0628\u064a\u0646 <p><a class=\"readon\" href=\"https:\/\/www.hms-luebeck.de\/ar\/%d8%a7%d9%84%d9%85%d8%af%d8%b1%d8%b3%d8%a9\/%d8%b9%d9%85%d9%84-%d8%a7%d9%84%d9%88%d8%a7%d9%84%d8%af%d9%8a%d9%86\/\"><span>Mehr lesen<\/span><\/a><\/p><\/p>\n","protected":false},"author":10,"featured_media":0,"parent":9644,"menu_order":0,"comment_status":"closed","ping_status":"closed","template":"template.threequarterwidth.php","meta":{"footnotes":""},"class_list":["post-9702","page","type-page","status-publish","hentry"],"_links":{"self":[{"href":"https:\/\/www.hms-luebeck.de\/ar\/wp-json\/wp\/v2\/pages\/9702","targetHints":{"allow":["GET"]}}],"collection":[{"href":"https:\/\/www.hms-luebeck.de\/ar\/wp-json\/wp\/v2\/pages"}],"about":[{"href":"https:\/\/www.hms-luebeck.de\/ar\/wp-json\/wp\/v2\/types\/page"}],"author":[{"embeddable":true,"href":"https:\/\/www.hms-luebeck.de\/ar\/wp-json\/wp\/v2\/users\/10"}],"replies":[{"embeddable":true,"href":"https:\/\/www.hms-luebeck.de\/ar\/wp-json\/wp\/v2\/comments?post=9702"}],"version-history":[{"count":3,"href":"https:\/\/www.hms-luebeck.de\/ar\/wp-json\/wp\/v2\/pages\/9702\/revisions"}],"predecessor-version":[{"id":10881,"href":"https:\/\/www.hms-luebeck.de\/ar\/wp-json\/wp\/v2\/pages\/9702\/revisions\/10881"}],"up":[{"embeddable":true,"href":"https:\/\/www.hms-luebeck.de\/ar\/wp-json\/wp\/v2\/pages\/9644"}],"wp:attachment":[{"href":"https:\/\/www.hms-luebeck.de\/ar\/wp-json\/wp\/v2\/media?parent=9702"}],"curies":[{"name":"wp","href":"https:\/\/api.w.org\/{rel}","templated":true}]}}